{"id":311,"date":"2020-07-14T14:58:06","date_gmt":"2020-07-14T14:58:06","guid":{"rendered":"https:\/\/www.satyamyogasystem.com\/?page_id=311"},"modified":"2026-03-11T17:55:53","modified_gmt":"2026-03-11T17:55:53","slug":"satyam-yoga-system","status":"publish","type":"page","link":"https:\/\/www.satyamyogasystem.com\/ca\/","title":{"rendered":"Satyam Yoga System"},"content":{"rendered":"<div class=\"et_pb_section_0 et_pb_section et_section_regular et_block_section\"><div class=\"et_pb_row_0 et_pb_row et_block_row\"><div class=\"et_pb_column_0 et_pb_column et_pb_column_1_2 et_block_column et_pb_css_mix_blend_mode_passthrough\"><div class=\"et_pb_text_0 et_pb_text et_pb_bg_layout_light et_pb_module et_block_module\"><div class=\"et_pb_text_inner\"><h1>Satyam Yoga<\/h1>\n<\/div><\/div><\/div><div class=\"et_pb_column_1 et_pb_column et_pb_column_1_2 et-last-child et_block_column et_pb_css_mix_blend_mode_passthrough\"><div class=\"et_pb_image_0 et_pb_image et_pb_module et_block_module\"><span class=\"et_pb_image_wrap\"><img loading=\"lazy\" decoding=\"async\" src=\"https:\/\/www.satyamyogasystem.com\/wp-content\/uploads\/2020\/05\/home1.jpg\" width=\"800\" height=\"800\" srcset=\"https:\/\/www.satyamyogasystem.com\/wp-content\/uploads\/2020\/05\/home1.jpg 800w, https:\/\/www.satyamyogasystem.com\/wp-content\/uploads\/2020\/05\/home1-480x480.jpg 480w\" sizes=\"(min-width: 0px) and (max-width: 480px) 480px, (min-width: 481px) 800px, 100vw\" class=\"wp-image-28\" \/><\/span><\/div><div class=\"et_pb_image_1 et_pb_image et_pb_module et_block_module\"><span class=\"et_pb_image_wrap\"><img loading=\"lazy\" decoding=\"async\" src=\"https:\/\/www.satyamyogasystem.com\/wp-content\/uploads\/2020\/05\/home41.jpg\" width=\"800\" height=\"800\" srcset=\"https:\/\/www.satyamyogasystem.com\/wp-content\/uploads\/2020\/05\/home41.jpg 800w, https:\/\/www.satyamyogasystem.com\/wp-content\/uploads\/2020\/05\/home41-480x480.jpg 480w\" sizes=\"(min-width: 0px) and (max-width: 480px) 480px, (min-width: 481px) 800px, 100vw\" class=\"wp-image-32\" \/><\/span><\/div><\/div><\/div><div class=\"et_pb_row_1 et_pb_row et_pb_row_1-4_1-2_1-4 et_block_row et_block_row_1-4_1-2_1-4\"><div class=\"et_pb_column_2 et_pb_column et_pb_column_1_4 et_block_column et_pb_css_mix_blend_mode_passthrough\"><div class=\"et_pb_divider_0 et_pb_divider et_pb_space et_pb_divider_position_top et_pb_module\"><div class=\"et_pb_divider_internal\"><\/div><\/div><\/div><div class=\"et_pb_column_3 et_pb_column et_pb_column_1_2 et_block_column et_pb_css_mix_blend_mode_passthrough\"><div class=\"et_pb_text_1 et_pb_text et_pb_bg_layout_light et_pb_module et_block_module\"><div class=\"et_pb_text_inner\"><p>No \u00e9s ni una filosofia, ni una ideologia, ni religi\u00f3, simplement proposa un cam\u00ed evolutiu cap a l'acte-realitzaci\u00f3 mitjan\u00e7ant l'acte-observaci\u00f3, la reflexi\u00f3, el coneixement i l'experi\u00e8ncia personal.<\/p>\n<\/div><\/div><\/div><div class=\"et_pb_column_4 et_pb_column et_pb_column_1_4 et-last-child et_block_column et_pb_column_empty et_pb_css_mix_blend_mode_passthrough\"><\/div><\/div><\/div><div class=\"et_pb_section_1 et_pb_section et_section_regular et_block_section\"><div class=\"et_pb_row_2 et_pb_row et_block_row\"><div class=\"et_pb_column_5 et_pb_column et_pb_column_1_2 et_block_column et_pb_css_mix_blend_mode_passthrough\"><div class=\"et_pb_image_2 et_pb_image et_pb_module et_block_module\"><span class=\"et_pb_image_wrap\"><img loading=\"lazy\" decoding=\"async\" src=\"https:\/\/www.satyamyogasystem.com\/wp-content\/uploads\/2020\/05\/55.jpg\" width=\"800\" height=\"533\" srcset=\"https:\/\/www.satyamyogasystem.com\/wp-content\/uploads\/2020\/05\/55.jpg 800w, https:\/\/www.satyamyogasystem.com\/wp-content\/uploads\/2020\/05\/55-480x320.jpg 480w\" sizes=\"(min-width: 0px) and (max-width: 480px) 480px, (min-width: 481px) 800px, 100vw\" class=\"wp-image-88\" \/><\/span><\/div><\/div><div class=\"et_pb_column_6 et_pb_column et_pb_column_1_2 et-last-child et_block_column et_pb_css_mix_blend_mode_passthrough\"><div class=\"et_pb_text_2 et_pb_text et_pb_bg_layout_light et_pb_module et_block_module\"><div class=\"et_pb_text_inner\"><h2>Un nou horitz\u00f3<\/h2>\n<\/div><\/div><div class=\"et_pb_divider_1 et_pb_divider et_pb_space et_pb_divider_position_top et_pb_module\"><div class=\"et_pb_divider_internal\"><\/div><\/div><div class=\"et_pb_text_3 et_pb_text et_pb_bg_layout_light et_pb_module et_block_module\"><div class=\"et_pb_text_inner\"><p>El\u00a0Satyam\u00a0Ioga ofereix un cam\u00ed pr\u00e0ctic, directe i real per a trobar l'equilibri personal i descobrir el sentit de la nostra vida.<\/p>\n<p>Ofereix l'oportunitat d'aconseguir una veritable transformaci\u00f3 personal mitjan\u00e7ant la meditaci\u00f3, el ioga, l'estudi de la saviesa, els\u00a0mantrams, l'autoconeixement, h\u00e0bits saludables, etc.<\/p>\n<\/div><\/div><\/div><\/div><\/div><div class=\"et_pb_section_2 et_pb_section et_section_regular et_block_section\"><div class=\"et_pb_row_3 et_pb_row et_block_row\" id=\"Una-nueva-luz-home\"><div class=\"et_pb_column_7 et_pb_column et_pb_column_1_2 et_block_column et_pb_css_mix_blend_mode_passthrough\"><div class=\"et_pb_text_4 et_pb_text et_pb_bg_layout_light et_pb_module et_block_module\"><div class=\"et_pb_text_inner\"><h2>Nova llum<\/h2>\n<\/div><\/div><div class=\"et_pb_divider_2 et_pb_divider et_pb_space et_pb_divider_position_top et_pb_module\"><div class=\"et_pb_divider_internal\"><\/div><\/div><div class=\"et_pb_text_5 et_pb_text et_pb_bg_layout_light et_pb_module et_block_module\"><div class=\"et_pb_text_inner\"><p>El Satyam Ioga ens aporta una nova llum per al despertar de la nostra consci\u00e8ncia.<\/p>\n<p>Descobrir la veritable dimensi\u00f3 del ioga com a cam\u00ed evolutiu real.<\/p>\n<p>Descobrir el potencial de cada Ser.<\/p>\n<p>Simplificar la vida des de la pr\u00f2pia autosatisfacci\u00f3 i acceptaci\u00f3 de la nostra realitat.<\/p>\n<p>Desenvolupar tenacitat, perseveran\u00e7a i toler\u00e0ncia.<\/p>\n<\/div><\/div><\/div><div class=\"et_pb_column_8 et_pb_column et_pb_column_1_2 et-last-child et_block_column et_pb_css_mix_blend_mode_passthrough\"><div class=\"et_pb_image_3 et_pb_image et_pb_module et_block_module\"><span class=\"et_pb_image_wrap\"><img loading=\"lazy\" decoding=\"async\" src=\"https:\/\/www.satyamyogasystem.com\/wp-content\/uploads\/2020\/05\/66.jpg\" width=\"800\" height=\"533\" srcset=\"https:\/\/www.satyamyogasystem.com\/wp-content\/uploads\/2020\/05\/66.jpg 800w, https:\/\/www.satyamyogasystem.com\/wp-content\/uploads\/2020\/05\/66-480x320.jpg 480w\" sizes=\"(min-width: 0px) and (max-width: 480px) 480px, (min-width: 481px) 800px, 100vw\" class=\"wp-image-89\" \/><\/span><\/div><\/div><\/div><\/div><div class=\"et_pb_section_3 et_pb_section et_section_regular et_block_section\"><div class=\"et_pb_row_4 et_pb_row et_block_row\"><div class=\"et_pb_column_9 et_pb_column et_pb_column_4_4 et-last-child et_block_column et_pb_css_mix_blend_mode_passthrough\"><div class=\"et_pb_text_6 et_pb_text et_pb_bg_layout_light et_pb_module et_block_module\" id=\"servicios-home\"><div class=\"et_pb_text_inner\"><h2>Satyam Yoga el ioga de la plenitud per a la gent d'avui<\/h2>\n<\/div><\/div><\/div><\/div><div class=\"et_pb_row_5 et_pb_row et_block_row\"><div class=\"et_pb_column_10 et_pb_column et_pb_column_1_3 et_block_column et_pb_css_mix_blend_mode_passthrough\"><div class=\"et_pb_blurb_0 et_pb_blurb et_pb_bg_layout_light et_pb_text_align_center et_pb_blurb_position_top et_clickable et_pb_module et_block_module\"><div class=\"et_pb_blurb_content\"><div class=\"et_pb_main_blurb_image\"><span class=\"et_pb_image_wrap et_pb_only_image_mode_wrap\"><img loading=\"lazy\" decoding=\"async\" src=\"https:\/\/www.satyamyogasystem.com\/wp-content\/uploads\/2020\/05\/satyamyoga1.jpg\" width=\"320\" height=\"213\" srcset=\"https:\/\/www.satyamyogasystem.com\/wp-content\/uploads\/2020\/05\/satyamyoga1.jpg 320w, https:\/\/www.satyamyogasystem.com\/wp-content\/uploads\/2020\/05\/satyamyoga1-300x200.jpg 300w\" sizes=\"(max-width: 320px) 100vw, 320px\" class=\"wp-image-106\" \/><\/span><\/div><div class=\"et_pb_blurb_container\"><h4 class=\"et_pb_module_header\">Satyam Yoga<\/h4><div class=\"et_pb_blurb_description\"><p>\u00c9s un ioga de s\u00edntesi que va m\u00e9s enll\u00e0 de les tradicions i que ofereix la possibilitat de dur a terme un veritable proc\u00e9s evolutiu per a experimentar i aconseguir la plenitud de la nostra exist\u00e8ncia.<\/p>\n<\/div><\/div><\/div><\/div><\/div><div class=\"et_pb_column_11 et_pb_column et_pb_column_1_3 et_block_column et_pb_css_mix_blend_mode_passthrough\"><div class=\"et_pb_blurb_1 et_pb_blurb et_pb_bg_layout_light et_pb_text_align_center et_pb_blurb_position_top et_clickable et_pb_module et_block_module\"><div class=\"et_pb_blurb_content\"><div class=\"et_pb_main_blurb_image\"><span class=\"et_pb_image_wrap et_pb_only_image_mode_wrap\"><img loading=\"lazy\" decoding=\"async\" src=\"https:\/\/www.satyamyogasystem.com\/wp-content\/uploads\/2020\/05\/satyamyoga2.jpg\" width=\"320\" height=\"213\" srcset=\"https:\/\/www.satyamyogasystem.com\/wp-content\/uploads\/2020\/05\/satyamyoga2.jpg 320w, https:\/\/www.satyamyogasystem.com\/wp-content\/uploads\/2020\/05\/satyamyoga2-300x200.jpg 300w\" sizes=\"(max-width: 320px) 100vw, 320px\" class=\"wp-image-107\" \/><\/span><\/div><div class=\"et_pb_blurb_container\"><h4 class=\"et_pb_module_header\">Satyam Yoga System<\/h4><div class=\"et_pb_blurb_description\"><p>\u00c9s un m\u00e8tode que es caracteritza per ser din\u00e0mic, progressiu, fluid, intens, amb control corporal, alineaci\u00f3 adequada, coordinaci\u00f3 respiraci\u00f3-moviment i molt respectu\u00f3s amb les peculiaritats f\u00edsiques de cada practicant.<\/p>\n<\/div><\/div><\/div><\/div><\/div><div class=\"et_pb_column_12 et_pb_column et_pb_column_1_3 et-last-child et_block_column et_pb_css_mix_blend_mode_passthrough\"><div class=\"et_pb_blurb_2 et_pb_blurb et_pb_bg_layout_light et_pb_text_align_center et_pb_blurb_position_top et_clickable et_pb_module et_block_module\"><div class=\"et_pb_blurb_content\"><div class=\"et_pb_main_blurb_image\"><span class=\"et_pb_image_wrap et_pb_only_image_mode_wrap\"><img loading=\"lazy\" decoding=\"async\" src=\"https:\/\/www.satyamyogasystem.com\/wp-content\/uploads\/2020\/05\/satyamyoga3.jpg\" width=\"320\" height=\"213\" srcset=\"https:\/\/www.satyamyogasystem.com\/wp-content\/uploads\/2020\/05\/satyamyoga3.jpg 320w, https:\/\/www.satyamyogasystem.com\/wp-content\/uploads\/2020\/05\/satyamyoga3-300x200.jpg 300w\" sizes=\"(max-width: 320px) 100vw, 320px\" class=\"wp-image-109\" \/><\/span><\/div><div class=\"et_pb_blurb_container\"><h4 class=\"et_pb_module_header\">Meditaci\u00f3n<\/h4><div class=\"et_pb_blurb_description\"><p>\u00c9s la pr\u00e0ctica que ens permet connectar amb el nostre ser interior i mantenir un estat de serenitat mental, calma emocional i relaxaci\u00f3 f\u00edsica. A trav\u00e9s de la meditaci\u00f3 obtenim grans beneficis.<\/p>\n<\/div><\/div><\/div><\/div><\/div><\/div><\/div><div class=\"et_pb_section_5 et_pb_section et_section_specialty et_pb_gutters3 et_block_section\"><div class=\"et_pb_row et_block_row\"><div class=\"et_pb_column_18 et_pb_column et_pb_specialty_column et_pb_column_1_2 et_block_column et_pb_css_mix_blend_mode_passthrough\"><div class=\"et_pb_row_inner_0 et_pb_row_inner et_block_row\"><div class=\"et_pb_column_inner_0 et_pb_column_inner et_pb_column et_pb_column_4_4 et-last-child et_block_column et_pb_css_mix_blend_mode_passthrough\"><div class=\"et_pb_text_8 et_pb_text et_pb_bg_layout_light et_pb_module et_block_module\"><div class=\"et_pb_text_inner\"><h2>\"El Despertar del Yoga\" Sad\u00e2nanda S.S.<\/h2>\n<\/div><\/div><\/div><\/div><div class=\"et_pb_row_inner_1 et_pb_row_inner et_block_row\"><div class=\"et_pb_column_inner_1 et_pb_column_inner et_pb_column et_pb_column_4_4 et-last-child et_block_column et_pb_css_mix_blend_mode_passthrough\"><div class=\"et_pb_divider_3 et_pb_divider et_pb_space et_pb_divider_position_top et_pb_module\"><div class=\"et_pb_divider_internal\"><\/div><\/div><div class=\"et_pb_text_9 et_pb_text et_pb_bg_layout_light et_pb_module et_block_module\"><div class=\"et_pb_text_inner\"><p>Exposa diversos temes per a la reflexi\u00f3 i l'estudi introspectiu, destinat a tota persona interessada en el seu proc\u00e9s evolutiu.<\/p>\n<p>Un llibre on s'aborden tant temes profunds com pr\u00e0ctics del ioga, perqu\u00e8 puguem aplicar-los en la nostra vida quotidiana i on el coneixement \u00e9s expressat de manera clara i directa.<\/p>\n<p>Textos que ens ensenyen a descobrir qui som i quin \u00e9s el veritable sentit de la nostra vida.<\/p>\n<\/div><\/div><div class=\"et_pb_text_10 et_pb_text et_pb_bg_layout_dark et_pb_module et_block_module\"><div class=\"et_pb_text_inner\"><p><em>Les persones interessades a adquirir el llibre contactar amb: <a href=\"mailto:purnam.satyam@gmail.com\" target=\"_blank\" rel=\"noopener noreferrer\" data-mt-detrack-inspected=\"true\">purnam.satyam@gmail.com<\/a><\/em><\/p>\n<\/div><\/div><\/div><\/div><\/div><div class=\"et_pb_column_19 et_pb_column et_pb_column_single et_pb_column_1_2 et-last-child et_block_column et_pb_css_mix_blend_mode_passthrough\"><div class=\"et_pb_image_4 et_pb_image et_pb_module et_block_module\"><span class=\"et_pb_image_wrap\"><img loading=\"lazy\" decoding=\"async\" src=\"https:\/\/www.satyamyogasystem.com\/wp-content\/uploads\/2020\/05\/lib.jpg\" width=\"600\" height=\"557\" srcset=\"https:\/\/www.satyamyogasystem.com\/wp-content\/uploads\/2020\/05\/lib.jpg 600w, https:\/\/www.satyamyogasystem.com\/wp-content\/uploads\/2020\/05\/lib-480x446.jpg 480w\" sizes=\"(min-width: 0px) and (max-width: 480px) 480px, (min-width: 481px) 600px, 100vw\" class=\"wp-image-115\" \/><\/span><\/div><\/div><\/div><\/div><div class=\"et_pb_section_6 et_pb_section et_section_regular et_block_section\"><div class=\"et_pb_row_8 et_pb_row et_block_row\"><div class=\"et_pb_column_20 et_pb_column et_pb_column_4_4 et-last-child et_block_column et_pb_css_mix_blend_mode_passthrough\"><div class=\"et_pb_image_5 et_pb_image et_pb_image_sticky et_pb_module et_block_module\"><span class=\"et_pb_image_wrap\"><img loading=\"lazy\" decoding=\"async\" src=\"https:\/\/www.satyamyogasystem.com\/wp-content\/uploads\/2020\/05\/footer33.jpg\" width=\"1920\" height=\"407\" srcset=\"https:\/\/www.satyamyogasystem.com\/wp-content\/uploads\/2020\/05\/footer33.jpg 1920w, https:\/\/www.satyamyogasystem.com\/wp-content\/uploads\/2020\/05\/footer33-1280x271.jpg 1280w, https:\/\/www.satyamyogasystem.com\/wp-content\/uploads\/2020\/05\/footer33-980x208.jpg 980w, https:\/\/www.satyamyogasystem.com\/wp-content\/uploads\/2020\/05\/footer33-480x102.jpg 480w\" sizes=\"(min-width: 0px) and (max-width: 480px) 480px, (min-width: 481px) and (max-width: 980px) 980px, (min-width: 981px) and (max-width: 1280px) 1280px, (min-width: 1281px) 1920px, 100vw\" class=\"wp-image-114\" \/><\/span><\/div><\/div><\/div><\/div>","protected":false},"excerpt":{"rendered":"","protected":false},"author":1,"featured_media":0,"parent":0,"menu_order":0,"comment_status":"closed","ping_status":"closed","template":"","meta":{"footnotes":""},"class_list":["post-311","page","type-page","status-publish","hentry"],"_links":{"self":[{"href":"https:\/\/www.satyamyogasystem.com\/ca\/wp-json\/wp\/v2\/pages\/311","targetHints":{"allow":["GET"]}}],"collection":[{"href":"https:\/\/www.satyamyogasystem.com\/ca\/wp-json\/wp\/v2\/pages"}],"about":[{"href":"https:\/\/www.satyamyogasystem.com\/ca\/wp-json\/wp\/v2\/types\/page"}],"author":[{"embeddable":true,"href":"https:\/\/www.satyamyogasystem.com\/ca\/wp-json\/wp\/v2\/users\/1"}],"replies":[{"embeddable":true,"href":"https:\/\/www.satyamyogasystem.com\/ca\/wp-json\/wp\/v2\/comments?post=311"}],"version-history":[{"count":6,"href":"https:\/\/www.satyamyogasystem.com\/ca\/wp-json\/wp\/v2\/pages\/311\/revisions"}],"predecessor-version":[{"id":6190,"href":"https:\/\/www.satyamyogasystem.com\/ca\/wp-json\/wp\/v2\/pages\/311\/revisions\/6190"}],"wp:attachment":[{"href":"https:\/\/www.satyamyogasystem.com\/ca\/wp-json\/wp\/v2\/media?parent=311"}],"curies":[{"name":"wp","href":"https:\/\/api.w.org\/{rel}","templated":true}]}}