{"id":568,"date":"2021-10-26T11:20:35","date_gmt":"2021-10-26T11:20:35","guid":{"rendered":"https:\/\/www.satyamyogasystem.com\/?page_id=568"},"modified":"2026-03-11T17:55:56","modified_gmt":"2026-03-11T17:55:56","slug":"satyam-yoga","status":"publish","type":"page","link":"https:\/\/www.satyamyogasystem.com\/ca\/satyam-yoga\/","title":{"rendered":"Satyam Yoga"},"content":{"rendered":"<div class=\"et_pb_section_0 et_pb_section et_section_regular et_block_section\"><div class=\"et_pb_row_0 et_pb_row et_block_row\"><div class=\"et_pb_column_0 et_pb_column et_pb_column_3_5 et_block_column et_pb_css_mix_blend_mode_passthrough\"><div class=\"et_pb_text_0 et_pb_text et_pb_bg_layout_light et_pb_module et_block_module\"><div class=\"et_pb_text_inner\"><h1>Satyam Yoga<\/h1>\n<\/div><\/div><div class=\"et_pb_text_1 et_pb_text et_pb_bg_layout_light et_pb_module et_block_module\"><div class=\"et_pb_text_inner\"><p>No \u00e9s ni una filosofia, ni una ideologia, ni una religi\u00f3; simplement proposa un cam\u00ed evolutiu cap a l'autorealitzaci\u00f3 mitjan\u00e7ant l'auto-observaci\u00f3, la reflexi\u00f3, el coneixement i l'experi\u00e8ncia personal. \u00c9s un ioga que s'allunya de la creen\u00e7a i de la superstici\u00f3. Facilita i promou que cada practicant, a trav\u00e9s del seu treball personal, experimenti per si mateix el coneixement i que, mitjan\u00e7ant els propis acompliments, desenvolupi una nova consci\u00e8ncia i importants transformacions personals per assolir la seva plenitud.<\/p>\n<p>El Satyam Yoga fomenta les pr\u00e0ctiques grupals com la meditaci\u00f3, l'estudi i el servei, sempre des d'una actitud de col\u00b7laboraci\u00f3 i cooperaci\u00f3 i des del respecte a la pr\u00f2pia llibertat personal i al propi desenvolupament i funcionament grupal.<\/p>\n<\/div><\/div><\/div><div class=\"et_pb_column_1 et_pb_column et_pb_column_2_5 et-last-child et_block_column et_pb_css_mix_blend_mode_passthrough\"><div class=\"et_pb_image_0 et_pb_image et_pb_module et_block_module\"><span class=\"et_pb_image_wrap\"><img loading=\"lazy\" decoding=\"async\" src=\"https:\/\/www.satyamyogasystem.com\/wp-content\/uploads\/2020\/05\/satyamyoga.jpg\" width=\"800\" height=\"800\" srcset=\"https:\/\/www.satyamyogasystem.com\/wp-content\/uploads\/2020\/05\/satyamyoga.jpg 800w, https:\/\/www.satyamyogasystem.com\/wp-content\/uploads\/2020\/05\/satyamyoga-480x480.jpg 480w\" sizes=\"(min-width: 0px) and (max-width: 480px) 480px, (min-width: 481px) 800px, 100vw\" class=\"wp-image-147\" \/><\/span><\/div><\/div><\/div><\/div><div class=\"et_pb_section_1 et_pb_section et_section_regular et_block_section\"><div class=\"et_pb_row_1 et_pb_row et_pb_gutters2 et_block_row\"><div class=\"et_pb_column_2 et_pb_column et_pb_column_2_5 et_block_column et_pb_css_mix_blend_mode_passthrough\"><div class=\"et_pb_image_2 et_pb_image et_pb_module et_block_module\"><span class=\"et_pb_image_wrap\"><img loading=\"lazy\" decoding=\"async\" src=\"https:\/\/www.satyamyogasystem.com\/wp-content\/uploads\/2020\/06\/yogaacuariano.jpg\" width=\"800\" height=\"654\" srcset=\"https:\/\/www.satyamyogasystem.com\/wp-content\/uploads\/2020\/06\/yogaacuariano.jpg 800w, https:\/\/www.satyamyogasystem.com\/wp-content\/uploads\/2020\/06\/yogaacuariano-480x392.jpg 480w\" sizes=\"(min-width: 0px) and (max-width: 480px) 480px, (min-width: 481px) 800px, 100vw\" class=\"wp-image-185\" \/><\/span><\/div><\/div><div class=\"et_pb_column_3 et_pb_column et_pb_column_3_5 et-last-child et_block_column et_pb_css_mix_blend_mode_passthrough\"><div class=\"et_pb_text_2 et_pb_text et_pb_bg_layout_light et_pb_module et_block_module\"><div class=\"et_pb_text_inner\"><h2>Ioga Aquari\u00e0<\/h2>\n<\/div><\/div><div class=\"et_pb_divider_0 et_pb_divider et_pb_space et_pb_divider_position_top et_pb_module\"><div class=\"et_pb_divider_internal\"><\/div><\/div><div class=\"et_pb_text_3 et_pb_text et_pb_bg_layout_light et_pb_module et_block_module\"><div class=\"et_pb_text_inner\"><p>Tota exist\u00e8ncia \u00e9s c\u00edclica i consta de diferents per\u00edodes o eres, cadascuna d'elles amb les seves peculiaritats i caracter\u00edstiques pr\u00f2pies. Estar en coher\u00e8ncia i totalment adaptats a cada era facilita enormement el nostre proc\u00e9s evolutiu.<\/p>\n<p>La pr\u00e0ctica i els principis fonamentals de SYS s\u00f3n totalment conseq\u00fcents i d'acord amb l'era actual.<\/p>\n<h2>S\u00edntesi<br \/>Auto-Regulaci\u00f3<br \/>Cooperaci\u00f3<br \/>Transformaci\u00f3<\/h2>\n<p>&nbsp;<\/p>\n<\/div><\/div><\/div><\/div><\/div><div class=\"et_pb_section_2 et_pb_section et_section_regular et_block_section\"><div class=\"et_pb_row_3 et_pb_row et_block_row\"><div class=\"et_pb_column_5 et_pb_column et_pb_column_1_3 et_block_column et_pb_css_mix_blend_mode_passthrough\"><div class=\"et_pb_blurb_0 et_pb_blurb et_pb_bg_layout_light et_pb_text_align_center et_pb_blurb_position_top et_clickable et_pb_module et_block_module\"><div class=\"et_pb_blurb_content\"><div class=\"et_pb_blurb_container\"><h4 class=\"et_pb_module_header\">Meditaci\u00f3<\/h4><div class=\"et_pb_blurb_description\"><p>\u00c9s una pr\u00e0ctica imprescindible per transcendir la personalitat i connectar amb el nostre \u00e9sser interior. Ens permet sentir la consci\u00e8ncia del nostre veritable Ser i experimentar un estat de serenitat, harmonia i claredat.<\/p>\n<\/div><\/div><\/div><\/div><\/div><div class=\"et_pb_column_6 et_pb_column et_pb_column_1_3 et_block_column et_pb_css_mix_blend_mode_passthrough\"><div class=\"et_pb_blurb_1 et_pb_blurb et_pb_bg_layout_light et_pb_text_align_center et_pb_blurb_position_top et_clickable et_pb_module et_block_module\"><div class=\"et_pb_blurb_content\"><div class=\"et_pb_blurb_container\"><h4 class=\"et_pb_module_header\">Estudi<\/h4><div class=\"et_pb_blurb_description\"><div><span class=\"lh-1 font-size-16\">Lectura dels ensenyaments de la Saviesa Universal que ens donen les pautes i les claus per poder seguir el nostre cam\u00ed evolutiu efica\u00e7ment.<br \/><\/span><\/div>\n<div><span class=\"lh-1 font-size-16\">Procurant anar m\u00e9s enll\u00e0 de l'estudi intel\u00b7lectual. Cal buscar sempre la reflexi\u00f3, la comprensi\u00f3 i l'aprenentatge dels ensenyaments perqu\u00e8 puguin ser portats a la pr\u00e0ctica en la nostra vida quotidiana.<\/span><\/div>\n<\/div><\/div><\/div><\/div><\/div><div class=\"et_pb_column_7 et_pb_column et_pb_column_1_3 et-last-child et_block_column et_pb_css_mix_blend_mode_passthrough\"><div class=\"et_pb_blurb_2 et_pb_blurb et_pb_bg_layout_light et_pb_text_align_center et_pb_blurb_position_top et_clickable et_pb_module et_block_module\"><div class=\"et_pb_blurb_content\"><div class=\"et_pb_blurb_container\"><h4 class=\"et_pb_module_header\">Pr\u00e0ctica<\/h4><div class=\"et_pb_blurb_description\"><p>Mantenir el cos f\u00edsic i mental en bones condicions a trav\u00e9s:<\/p>\n<p>Pr\u00e0ctica del Satyam Yoga System (SYS).<br \/>Alimentaci\u00f3 saludable.<br \/>Qualitat dels pensaments.<br \/>Actitud positiva.<br \/>Saber gestionar adequadament els sentiments i emocions.<br \/>Posar en pr\u00e0ctica els ensenyaments.<\/p>\n<\/div><\/div><\/div><\/div><\/div><\/div><div class=\"et_pb_row_4 et_pb_row et_block_row\"><div class=\"et_pb_column_8 et_pb_column et_pb_column_1_3 et_block_column et_pb_css_mix_blend_mode_passthrough\"><div class=\"et_pb_blurb_3 et_pb_blurb et_pb_bg_layout_light et_pb_text_align_center et_pb_blurb_position_top et_clickable et_pb_module et_block_module\"><div class=\"et_pb_blurb_content\"><div class=\"et_pb_blurb_container\"><h4 class=\"et_pb_module_header\">El poder del so<\/h4><div class=\"et_pb_blurb_description\"><p>Tot vibra, qualsevol pensament, sentiment o acci\u00f3, t\u00e9 una vibraci\u00f3 i per tant un moviment energ\u00e8tic. El so \u00e9s vibraci\u00f3. Usant determinats sons mitjan\u00e7ant mantres, invocacions i paraules sagrades provoquem canvis en el nostre cos i en la nostra ment. Fins i tot es pot millorar algun tipus de malaltia o dol\u00e8ncia. <\/p>\n<\/div><\/div><\/div><\/div><\/div><div class=\"et_pb_column_9 et_pb_column et_pb_column_1_3 et_block_column et_pb_css_mix_blend_mode_passthrough\"><div class=\"et_pb_blurb_4 et_pb_blurb et_pb_bg_layout_light et_pb_text_align_center et_pb_blurb_position_top et_clickable et_pb_module et_block_module\"><div class=\"et_pb_blurb_content\"><div class=\"et_pb_blurb_container\"><h4 class=\"et_pb_module_header\">Treball Grupal <\/h4><div class=\"et_pb_blurb_description\"><p>El cam\u00ed evolutiu en l'era actual es desenvolupa a trav\u00e9s del treball en grup. Tant les meditacions grupals, com l'estudi, el servei, etc., augmenta en gran mesura els efectes de les pr\u00e0ctiques.<\/p>\n<p>El grup facilita el control de la nostra personalitat (egoisme) mitjan\u00e7ant el desenvolupament de l'amistat, la cooperaci\u00f3 i el servei.<\/p>\n<\/div><\/div><\/div><\/div><\/div><div class=\"et_pb_column_10 et_pb_column et_pb_column_1_3 et-last-child et_block_column et_pb_css_mix_blend_mode_passthrough\"><div class=\"et_pb_blurb_5 et_pb_blurb et_pb_bg_layout_light et_pb_text_align_center et_pb_blurb_position_top et_clickable et_pb_module et_block_module\"><div class=\"et_pb_blurb_content\"><div class=\"et_pb_blurb_container\"><h4 class=\"et_pb_module_header\">Altruisme<\/h4><div class=\"et_pb_blurb_description\"><p>Desenvolupar la capacitat de donar, sense buscar compensaci\u00f3, en l'\u00e0mbit que es necessiti.<\/p>\n<p>Ajudar a qui necessiti ajuda, des del m\u00e0xim respecte i sense imposar la nostra ajuda.<\/p>\n<p>Ajudar quan se'ns demani i sigui necessari.<\/p>\n<\/div><\/div><\/div><\/div><\/div><\/div><\/div>","protected":false},"excerpt":{"rendered":"","protected":false},"author":2,"featured_media":0,"parent":0,"menu_order":0,"comment_status":"closed","ping_status":"closed","template":"","meta":{"footnotes":""},"class_list":["post-568","page","type-page","status-publish","hentry"],"_links":{"self":[{"href":"https:\/\/www.satyamyogasystem.com\/ca\/wp-json\/wp\/v2\/pages\/568","targetHints":{"allow":["GET"]}}],"collection":[{"href":"https:\/\/www.satyamyogasystem.com\/ca\/wp-json\/wp\/v2\/pages"}],"about":[{"href":"https:\/\/www.satyamyogasystem.com\/ca\/wp-json\/wp\/v2\/types\/page"}],"author":[{"embeddable":true,"href":"https:\/\/www.satyamyogasystem.com\/ca\/wp-json\/wp\/v2\/users\/2"}],"replies":[{"embeddable":true,"href":"https:\/\/www.satyamyogasystem.com\/ca\/wp-json\/wp\/v2\/comments?post=568"}],"version-history":[{"count":6,"href":"https:\/\/www.satyamyogasystem.com\/ca\/wp-json\/wp\/v2\/pages\/568\/revisions"}],"predecessor-version":[{"id":6192,"href":"https:\/\/www.satyamyogasystem.com\/ca\/wp-json\/wp\/v2\/pages\/568\/revisions\/6192"}],"wp:attachment":[{"href":"https:\/\/www.satyamyogasystem.com\/ca\/wp-json\/wp\/v2\/media?parent=568"}],"curies":[{"name":"wp","href":"https:\/\/api.w.org\/{rel}","templated":true}]}}