{"id":582,"date":"2021-10-26T14:18:37","date_gmt":"2021-10-26T14:18:37","guid":{"rendered":"https:\/\/www.satyamyogasystem.com\/?page_id=582"},"modified":"2026-03-11T17:55:59","modified_gmt":"2026-03-11T17:55:59","slug":"estructura-s-y-s","status":"publish","type":"page","link":"https:\/\/www.satyamyogasystem.com\/ca\/estructura-s-y-s\/","title":{"rendered":"Estructura S.Y.S."},"content":{"rendered":"<div class=\"et_pb_section_0 et_pb_section et_section_regular et_block_section\"><div class=\"et_pb_row_0 et_pb_row et_block_row\"><div class=\"et_pb_column_0 et_pb_column et_pb_column_4_4 et-last-child et_block_column et_pb_css_mix_blend_mode_passthrough\"><div class=\"et_pb_text_0 et_pb_text et_pb_bg_layout_light et_pb_module et_block_module\"><div class=\"et_pb_text_inner\"><h2>Estructura d\u2019una pr\u00e0ctica de Satyam Yoga System<\/h2>\n<\/div><\/div><\/div><\/div><div class=\"et_pb_row_1 et_pb_row et_pb_row_1-4_1-2_1-4 et_block_row et_block_row_1-4_1-2_1-4\"><div class=\"et_pb_column_1 et_pb_column et_pb_column_1_4 et_block_column et_pb_css_mix_blend_mode_passthrough\"><div class=\"et_pb_divider_0 et_pb_divider et_pb_space et_pb_divider_position_top et_pb_module\"><div class=\"et_pb_divider_internal\"><\/div><\/div><\/div><div class=\"et_pb_column_2 et_pb_column et_pb_column_1_2 et_block_column et_pb_column_empty et_pb_css_mix_blend_mode_passthrough\"><\/div><div class=\"et_pb_column_3 et_pb_column et_pb_column_1_4 et-last-child et_block_column et_pb_column_empty et_pb_css_mix_blend_mode_passthrough\"><\/div><\/div><\/div><div class=\"et_pb_section_1 et_pb_section et_section_specialty et_pb_gutters3 et_block_section\"><div class=\"et_pb_row et_block_row\"><div class=\"et_pb_column_4 et_pb_column et_pb_column_single et_pb_column_1_2 et_block_column et_pb_css_mix_blend_mode_passthrough\"><div class=\"et_pb_image_0 et_pb_image et_pb_module et_block_module\"><span class=\"et_pb_image_wrap\"><img loading=\"lazy\" decoding=\"async\" src=\"https:\/\/www.satyamyogasystem.com\/wp-content\/uploads\/2020\/06\/meditacion_satyamyoga.jpg\" width=\"800\" height=\"654\" srcset=\"https:\/\/www.satyamyogasystem.com\/wp-content\/uploads\/2020\/06\/meditacion_satyamyoga.jpg 800w, https:\/\/www.satyamyogasystem.com\/wp-content\/uploads\/2020\/06\/meditacion_satyamyoga-480x392.jpg 480w\" sizes=\"(min-width: 0px) and (max-width: 480px) 480px, (min-width: 481px) 800px, 100vw\" class=\"wp-image-178\" \/><\/span><\/div><\/div><div class=\"et_pb_column_5 et_pb_column et_pb_specialty_column et_pb_column_1_2 et-last-child et_block_column et_pb_css_mix_blend_mode_passthrough\"><div class=\"et_pb_row_inner_0 et_pb_row_inner et_block_row\"><div class=\"et_pb_column_inner_0 et_pb_column_inner et_pb_column et_pb_column_4_4 et-last-child et_block_column et_pb_css_mix_blend_mode_passthrough\"><div class=\"et_pb_text_1 et_pb_text et_pb_bg_layout_light et_pb_module et_block_module\"><div class=\"et_pb_text_inner\"><h2>Previ (opcional)<\/h2>\n<\/div><\/div><div class=\"et_pb_divider_1 et_pb_divider et_pb_space et_pb_divider_position_top et_pb_module\"><div class=\"et_pb_divider_internal\"><\/div><\/div><\/div><\/div><div class=\"et_pb_row_inner_1 et_pb_row_inner et_block_row\"><div class=\"et_pb_column_inner_1 et_pb_column_inner et_pb_column et_pb_column_1_4 et_block_column et_pb_css_mix_blend_mode_passthrough\"><div class=\"et_pb_text_2 et_pb_text et_pb_bg_layout_light et_pb_module et_block_module\"><div class=\"et_pb_text_inner\"><p><span style=\"color: #ff6f00;\">TREBALL:<\/span><br \/>\u2022 Observar la respiraci\u00f3.<br \/>\u2022 Dedicar uns instants a la presa consci\u00e8ncia.<br \/>\u2022Pronunciar un mantra o una invocaci\u00f3.<\/p>\n<\/div><\/div><\/div><div class=\"et_pb_column_inner_2 et_pb_column_inner et_pb_column et_pb_column_1_4 et-last-child et_block_column et_pb_css_mix_blend_mode_passthrough\"><div class=\"et_pb_text_3 et_pb_text et_pb_bg_layout_light et_pb_module et_block_module\"><div class=\"et_pb_text_inner\"><p><span style=\"color: #ff6f00;\">OBJECTIU:<\/span><br \/>\u2022 Prendre consci\u00e8ncia del lloc on som i de l'activitat que realitzarem.<br \/>\u2022 Entrar en contacte amb un mateix (amb el nostre cos, respiraci\u00f3, estat an\u00edmic).<\/p>\n<\/div><\/div><\/div><\/div><\/div><\/div><\/div><div class=\"et_pb_section_2 et_pb_section et_section_specialty et_pb_gutters3 et_block_section\"><div class=\"et_pb_row et_block_row\"><div class=\"et_pb_column_6 et_pb_column et_pb_specialty_column et_pb_column_1_2 et_block_column et_pb_css_mix_blend_mode_passthrough\"><div class=\"et_pb_row_inner_2 et_pb_row_inner et_block_row\"><div class=\"et_pb_column_inner_3 et_pb_column_inner et_pb_column et_pb_column_4_4 et-last-child et_block_column et_pb_css_mix_blend_mode_passthrough\"><div class=\"et_pb_text_4 et_pb_text et_pb_bg_layout_light et_pb_module et_block_module\"><div class=\"et_pb_text_inner\"><h2>Postures inicials<\/h2>\n<\/div><\/div><div class=\"et_pb_divider_2 et_pb_divider et_pb_space et_pb_divider_position_top et_pb_module\"><div class=\"et_pb_divider_internal\"><\/div><\/div><\/div><\/div><div class=\"et_pb_row_inner_3 et_pb_row_inner et_block_row\"><div class=\"et_pb_column_inner_4 et_pb_column_inner et_pb_column et_pb_column_1_4 et_block_column et_pb_css_mix_blend_mode_passthrough\"><div class=\"et_pb_text_5 et_pb_text et_pb_bg_layout_light et_pb_module et_block_module\"><div class=\"et_pb_text_inner\"><p><span style=\"color: #ff6f00;\">OBJECTIU:<\/span><br \/>\u2022 Donar mobilitat a la columna vertebral.<br \/>\u2022 Donar mobilitat i destensar la musculatura.<br \/>\u2022 Donar mobilitat i desbloquejar la zona p\u00e8lvica.<br \/>\u2022Donar mobilitat i desbloquejar les articulacions.<br \/>\u2022 Coordinar la respiraci\u00f3 amb el moviment.<br \/>\u2022 Desenvolupar la consci\u00e8ncia corporal.<\/p>\n<\/div><\/div><\/div><div class=\"et_pb_column_inner_5 et_pb_column_inner et_pb_column et_pb_column_1_4 et-last-child et_block_column et_pb_css_mix_blend_mode_passthrough\"><div class=\"et_pb_text_6 et_pb_text et_pb_bg_layout_light et_pb_module et_block_module\"><div class=\"et_pb_text_inner\"><p>Els moviments din\u00e0mics coordinats amb la respiraci\u00f3 permeten desbloquejar la musculatura i les articulacions, a trav\u00e9s del moviment continuat i sense brusquedats.<\/p>\n<p><span style=\"color: #ff6f00;\">POSTURES:<\/span><br \/>\u2022 Postures din\u00e0miques suaus.<br \/>\u2022 Surya Namaskar.<\/p>\n<\/div><\/div><\/div><\/div><\/div><div class=\"et_pb_column_7 et_pb_column et_pb_column_single et_pb_column_1_2 et-last-child et_block_column et_pb_css_mix_blend_mode_passthrough\"><div class=\"et_pb_image_1 et_pb_image et_pb_module et_block_module\"><span class=\"et_pb_image_wrap\"><img loading=\"lazy\" decoding=\"async\" src=\"https:\/\/www.satyamyogasystem.com\/wp-content\/uploads\/2020\/05\/55.jpg\" width=\"800\" height=\"533\" srcset=\"https:\/\/www.satyamyogasystem.com\/wp-content\/uploads\/2020\/05\/55.jpg 800w, https:\/\/www.satyamyogasystem.com\/wp-content\/uploads\/2020\/05\/55-480x320.jpg 480w\" sizes=\"(min-width: 0px) and (max-width: 480px) 480px, (min-width: 481px) 800px, 100vw\" class=\"wp-image-88\" \/><\/span><\/div><\/div><\/div><\/div><div class=\"et_pb_section_3 et_pb_section et_section_specialty et_pb_gutters3 et_block_section\"><div class=\"et_pb_row et_block_row\"><div class=\"et_pb_column_8 et_pb_column et_pb_column_single et_pb_column_1_2 et_block_column et_pb_css_mix_blend_mode_passthrough\"><div class=\"et_pb_image_2 et_pb_image et_pb_module et_block_module\"><span class=\"et_pb_image_wrap\"><img loading=\"lazy\" decoding=\"async\" src=\"https:\/\/www.satyamyogasystem.com\/wp-content\/uploads\/2020\/06\/estructura3-1.jpg\" width=\"800\" height=\"533\" srcset=\"https:\/\/www.satyamyogasystem.com\/wp-content\/uploads\/2020\/06\/estructura3-1.jpg 800w, https:\/\/www.satyamyogasystem.com\/wp-content\/uploads\/2020\/06\/estructura3-1-480x320.jpg 480w\" sizes=\"(min-width: 0px) and (max-width: 480px) 480px, (min-width: 481px) 800px, 100vw\" class=\"wp-image-193\" \/><\/span><\/div><\/div><div class=\"et_pb_column_9 et_pb_column et_pb_specialty_column et_pb_column_1_2 et-last-child et_block_column et_pb_css_mix_blend_mode_passthrough\"><div class=\"et_pb_row_inner_4 et_pb_row_inner et_block_row\"><div class=\"et_pb_column_inner_6 et_pb_column_inner et_pb_column et_pb_column_4_4 et-last-child et_block_column et_pb_css_mix_blend_mode_passthrough\"><div class=\"et_pb_text_7 et_pb_text et_pb_bg_layout_light et_pb_module et_block_module\"><div class=\"et_pb_text_inner\"><h2>Postures de peu<\/h2>\n<\/div><\/div><div class=\"et_pb_divider_3 et_pb_divider et_pb_space et_pb_divider_position_top et_pb_module\"><div class=\"et_pb_divider_internal\"><\/div><\/div><\/div><\/div><div class=\"et_pb_row_inner_5 et_pb_row_inner et_block_row\"><div class=\"et_pb_column_inner_7 et_pb_column_inner et_pb_column et_pb_column_1_4 et_block_column et_pb_css_mix_blend_mode_passthrough\"><div class=\"et_pb_text_8 et_pb_text et_pb_bg_layout_light et_pb_module et_block_module\"><div class=\"et_pb_text_inner\"><div><span class=\"font-size-20 lh-1\" style=\"color: #ff6f00;\">APORTEN:<\/span><\/div>\n<div><span class=\"font-size-20 lh-1\">\u2022 Estiramient. \u00a0 \u00a0<\/span><\/div>\n<div><span class=\"font-size-20 lh-1\">\u2022 Obertura. \u00a0 \u00a0<\/span><\/div>\n<div><span class=\"font-size-20 lh-1\">\u2022 Fermesa. \u00a0 \u00a0\u00a0<\/span><\/div>\n<div><span class=\"font-size-20 lh-1\">\u2022 Arrelament. \u00a0 \u00a0\u00a0<\/span><\/div>\n<div><span class=\"font-size-20 lh-1\">\u2022 Tonificaci\u00f3.<\/span><\/div>\n<div><span class=\"font-size-20 lh-1\">\u2022 Vitalitat i energia.<\/span><\/div>\n<div><span class=\"font-size-20 lh-1\">\u2022 Enfortiment muscular.<\/span><\/div>\n<div><span class=\"font-size-20 lh-1\">\u00a0<\/span><\/div>\n<div><span class=\"font-size-20 lh-1\" style=\"color: #ff6f00;\">TIPUS DE POSTURES:<\/span><\/div>\n<div><span class=\"font-size-20 lh-1\">\u2022 Laterals.<\/span><\/div>\n<div><span class=\"font-size-20 lh-1\">\u2022 Equilibris.<\/span><\/div>\n<div><span class=\"font-size-20 lh-1\">\u2022 Flexions frontals i extensions cap enrere.<\/span><\/div>\n<div><span class=\"font-size-20 lh-1\">\u2022 Torsions.<\/span><\/div>\n<\/div><\/div><\/div><div class=\"et_pb_column_inner_8 et_pb_column_inner et_pb_column et_pb_column_1_4 et-last-child et_block_column et_pb_css_mix_blend_mode_passthrough\"><div class=\"et_pb_text_9 et_pb_text et_pb_bg_layout_light et_pb_module et_block_module\"><div class=\"et_pb_text_inner\"><div><span class=\"font-size-20 lh-1\" style=\"color: #ff6f00;\">ASANAS:<\/span><\/div>\n<div><span class=\"font-size-20 lh-1\">\u2022 Trikonasana<\/span><\/div>\n<div><span class=\"font-size-20 lh-1\">\u2022 Virabhadrasana<\/span><\/div>\n<div><span class=\"font-size-20 lh-1\">\u2022 Parsvakonasana<\/span><\/div>\n<div><span class=\"font-size-20 lh-1\">\u2022 Prasarita Padottanasana<\/span><\/div>\n<div><span class=\"font-size-20 lh-1\">\u2022 Parsvottanasana<\/span><\/div>\n<div><span class=\"font-size-20 lh-1\">\u2022 Padangustasana<\/span><\/div>\n<div><span class=\"font-size-20 lh-1\">\u2022 Uttanasana<\/span><\/div>\n<div><span class=\"font-size-20 lh-1\">\u2022 Utkatasana<\/span><\/div>\n<div><span class=\"font-size-20 lh-1\">\u2022 Equilibris<\/span><\/div>\n<\/div><\/div><\/div><\/div><\/div><\/div><\/div><div class=\"et_pb_section_4 et_pb_section et_section_specialty et_pb_gutters3 et_block_section\"><div class=\"et_pb_row et_block_row\"><div class=\"et_pb_column_10 et_pb_column et_pb_specialty_column et_pb_column_1_2 et_block_column et_pb_css_mix_blend_mode_passthrough\"><div class=\"et_pb_row_inner_6 et_pb_row_inner et_block_row\"><div class=\"et_pb_column_inner_9 et_pb_column_inner et_pb_column et_pb_column_4_4 et-last-child et_block_column et_pb_css_mix_blend_mode_passthrough\"><div class=\"et_pb_text_10 et_pb_text et_pb_bg_layout_light et_pb_module et_block_module\"><div class=\"et_pb_text_inner\"><h2>Postures al terra<\/h2>\n<\/div><\/div><div class=\"et_pb_divider_4 et_pb_divider et_pb_space et_pb_divider_position_top et_pb_module\"><div class=\"et_pb_divider_internal\"><\/div><\/div><\/div><\/div><div class=\"et_pb_row_inner_7 et_pb_row_inner et_block_row\"><div class=\"et_pb_column_inner_10 et_pb_column_inner et_pb_column et_pb_column_4_4 et-last-child et_block_column et_pb_css_mix_blend_mode_passthrough\"><div class=\"et_pb_text_11 et_pb_text et_pb_bg_layout_light et_pb_module et_block_module\"><div class=\"et_pb_text_inner\"><p><span style=\"color: #ff6f00;\">APORTEN:<\/span><br \/>\u2022 Flexibilitat i estirament de tronc i cames.<br \/>\u2022 Estirament i flexibilitat de la columna vertebral.<br \/>\u2022 Recolliment, interioritzaci\u00f3 i calma.<br \/>\u2022 Obertura p\u00e8lvica.<br \/>\u2022 Mobilitat de les articulacions sacroil\u00edaques i coxofemoral.<br \/>\u2022 Estimulaci\u00f3 i regulaci\u00f3 dels \u00f2rgans interns.<\/p>\n<\/div><\/div><\/div><\/div><\/div><div class=\"et_pb_column_11 et_pb_column et_pb_column_single et_pb_column_1_2 et-last-child et_block_column et_pb_css_mix_blend_mode_passthrough\"><div class=\"et_pb_image_3 et_pb_image et_pb_module et_block_module\"><span class=\"et_pb_image_wrap\"><img loading=\"lazy\" decoding=\"async\" src=\"https:\/\/www.satyamyogasystem.com\/wp-content\/uploads\/2020\/06\/estructura2.jpg\" width=\"800\" height=\"533\" srcset=\"https:\/\/www.satyamyogasystem.com\/wp-content\/uploads\/2020\/06\/estructura2.jpg 800w, https:\/\/www.satyamyogasystem.com\/wp-content\/uploads\/2020\/06\/estructura2-480x320.jpg 480w\" sizes=\"(min-width: 0px) and (max-width: 480px) 480px, (min-width: 481px) 800px, 100vw\" class=\"wp-image-191\" \/><\/span><\/div><\/div><\/div><\/div><div class=\"et_pb_section_5 et_pb_section et_section_regular et_block_section\"><div class=\"et_pb_row_2 et_pb_row et_block_row\"><div class=\"et_pb_column_12 et_pb_column et_pb_column_1_2 et_block_column et_pb_css_mix_blend_mode_passthrough\"><div class=\"et_pb_text_12 et_pb_text et_pb_bg_layout_light et_pb_module et_block_module\"><div class=\"et_pb_text_inner\"><p><span style=\"color: #ff6f00;\">TIPUS DE POSTURES:<\/span><br \/>\u2022 Flexions frontals.<br \/>\u2022 Torsions i equilibri<br \/>\u2022 Obertura cames<br \/>\u2022 Flexions cap enrere.<\/p>\n<p><span style=\"color: #ff6f00;\">POSTURES DE FLEXI\u00d3 FRONTAL<\/span><br \/>\u2022 Krounchasana<br \/>\u2022 Ardha Paschimottasanasa<br \/>\u2022 Janu Sirsasana<br \/>\u2022 Marichyasana<br \/>\u2022 Paschimottanasana<br \/>\u2022 CONTRAPOSTURA: Purvottanasana<\/p>\n<p><span style=\"color: #ff6f00;\">POSTURES D'EQUILIBRI I TORSI\u00d3<\/span><br \/>\u2022 Navasana<br \/>\u2022 Ardha Matsyendrasana<\/p>\n<p><span style=\"color: #ff6f00;\">POSTURES D'OBERTURA DE CAMES<\/span><br \/>\u2022 Upavista Konasana<br \/>\u2022 Kurmasana<br \/>\u2022 Supta Padangusthasana<\/p>\n<\/div><\/div><\/div><div class=\"et_pb_column_13 et_pb_column et_pb_column_1_2 et-last-child et_block_column et_pb_css_mix_blend_mode_passthrough\"><div class=\"et_pb_text_13 et_pb_text et_pb_bg_layout_light et_pb_module et_block_module\"><div class=\"et_pb_text_inner\"><p><span style=\"color: #ff6f00;\">POSTURES DE FLEXI\u00d3 CAP ENRERE<\/span><br \/>Aporten:<br \/>\u2022 Flexibilitat a la columna.<br \/>\u2022 Obertura de t\u00f2rax.<br \/>\u2022 Refor\u00e7ament de la musculatura de l'esquena.<br \/>\u2022 Estirament de la musculatura anterior de les cuixes.<br \/>\u2022 Refor\u00e7ament dels bra\u00e7os.<br \/>\u2022 Expansi\u00f3 frontal i contracci\u00f3 posterior.<br \/>\u2022 Obertura p\u00e8lvica.<br \/>\u2022 Reafirmaci\u00f3 personal i seguretat en un mateix.<\/p>\n<p><span style=\"color: #ff6f00;\">POSTURES:<\/span><br \/>\u2022 Setu Bandhasana<br \/>\u2022 Salambhasana<br \/>\u2022 Bhujangasana<br \/>\u2022 Danurasana<br \/>\u2022 Urdvha Danurasana<br \/>\u2022 Ardha Bhujangasana<br \/>\u2022 Ustrasana<\/p>\n<\/div><\/div><\/div><\/div><\/div><div class=\"et_pb_section_6 et_pb_section et_section_specialty et_pb_gutters3 et_block_section\"><div class=\"et_pb_row et_block_row\"><div class=\"et_pb_column_14 et_pb_column et_pb_column_single et_pb_column_1_2 et_block_column et_pb_css_mix_blend_mode_passthrough\"><div class=\"et_pb_image_4 et_pb_image et_pb_module et_block_module\"><span class=\"et_pb_image_wrap\"><img loading=\"lazy\" decoding=\"async\" src=\"https:\/\/www.satyamyogasystem.com\/wp-content\/uploads\/2020\/06\/estructura4.jpg\" width=\"800\" height=\"533\" srcset=\"https:\/\/www.satyamyogasystem.com\/wp-content\/uploads\/2020\/06\/estructura4.jpg 800w, https:\/\/www.satyamyogasystem.com\/wp-content\/uploads\/2020\/06\/estructura4-480x320.jpg 480w\" sizes=\"(min-width: 0px) and (max-width: 480px) 480px, (min-width: 481px) 800px, 100vw\" class=\"wp-image-196\" \/><\/span><\/div><\/div><div class=\"et_pb_column_15 et_pb_column et_pb_specialty_column et_pb_column_1_2 et-last-child et_block_column et_pb_css_mix_blend_mode_passthrough\"><div class=\"et_pb_row_inner_8 et_pb_row_inner et_block_row\"><div class=\"et_pb_column_inner_11 et_pb_column_inner et_pb_column et_pb_column_4_4 et-last-child et_block_column et_pb_css_mix_blend_mode_passthrough\"><div class=\"et_pb_text_14 et_pb_text et_pb_bg_layout_light et_pb_module et_block_module\"><div class=\"et_pb_text_inner\"><h2>Postures finals<\/h2>\n<\/div><\/div><div class=\"et_pb_divider_5 et_pb_divider et_pb_space et_pb_divider_position_top et_pb_module\"><div class=\"et_pb_divider_internal\"><\/div><\/div><\/div><\/div><div class=\"et_pb_row_inner_9 et_pb_row_inner et_block_row\"><div class=\"et_pb_column_inner_12 et_pb_column_inner et_pb_column et_pb_column_1_4 et_block_column et_pb_css_mix_blend_mode_passthrough\"><div class=\"et_pb_text_15 et_pb_text et_pb_bg_layout_light et_pb_module et_block_module\"><div class=\"et_pb_text_inner\"><p><span style=\"color: #ff6f00;\">POSTURES INVERTIDES<\/span><\/p>\n<p>APORTEN:<br \/>\u2022 For\u00e7a.<br \/>\u2022 Concentraci\u00f3.<br \/>\u2022 Serenitat.<br \/>\u2022 Activaci\u00f3 de la circulaci\u00f3 sangu\u00ednia.<br \/>\u2022 Estimulaci\u00f3-regulaci\u00f3 dels \u00f2rgans interns.<br \/>\u2022 Estimulaci\u00f3-regulaci\u00f3 de el sistema endocr\u00ed.<br \/>\u2022 Calmen el sistema emocional.<\/p>\n<\/div><\/div><\/div><div class=\"et_pb_column_inner_13 et_pb_column_inner et_pb_column et_pb_column_1_4 et-last-child et_block_column et_pb_css_mix_blend_mode_passthrough\"><div class=\"et_pb_text_16 et_pb_text et_pb_bg_layout_light et_pb_module et_block_module\"><div class=\"et_pb_text_inner\"><p><span style=\"color: #ff6f00;\">TIPUS DE POSTURES INVERTIDES:<\/span><br \/>\u2022 Viparita Karani<br \/>\u2022 Sarvangasana<br \/>\u2022 Sirsasana<\/p>\n<p><span style=\"color: #ff6f00;\">ALTRES POSTURES FINALS:<\/span><br \/>\u2022 Halasana<br \/>\u2022 Matsyasana<br \/>\u2022 Janyasana<br \/>\u2022 Savasana<\/p>\n<\/div><\/div><\/div><\/div><\/div><\/div><\/div>","protected":false},"excerpt":{"rendered":"","protected":false},"author":2,"featured_media":0,"parent":0,"menu_order":0,"comment_status":"closed","ping_status":"closed","template":"","meta":{"footnotes":""},"class_list":["post-582","page","type-page","status-publish","hentry"],"_links":{"self":[{"href":"https:\/\/www.satyamyogasystem.com\/ca\/wp-json\/wp\/v2\/pages\/582","targetHints":{"allow":["GET"]}}],"collection":[{"href":"https:\/\/www.satyamyogasystem.com\/ca\/wp-json\/wp\/v2\/pages"}],"about":[{"href":"https:\/\/www.satyamyogasystem.com\/ca\/wp-json\/wp\/v2\/types\/page"}],"author":[{"embeddable":true,"href":"https:\/\/www.satyamyogasystem.com\/ca\/wp-json\/wp\/v2\/users\/2"}],"replies":[{"embeddable":true,"href":"https:\/\/www.satyamyogasystem.com\/ca\/wp-json\/wp\/v2\/comments?post=582"}],"version-history":[{"count":7,"href":"https:\/\/www.satyamyogasystem.com\/ca\/wp-json\/wp\/v2\/pages\/582\/revisions"}],"predecessor-version":[{"id":6194,"href":"https:\/\/www.satyamyogasystem.com\/ca\/wp-json\/wp\/v2\/pages\/582\/revisions\/6194"}],"wp:attachment":[{"href":"https:\/\/www.satyamyogasystem.com\/ca\/wp-json\/wp\/v2\/media?parent=582"}],"curies":[{"name":"wp","href":"https:\/\/api.w.org\/{rel}","templated":true}]}}