{"id":615,"date":"2021-11-09T12:35:30","date_gmt":"2021-11-09T12:35:30","guid":{"rendered":"https:\/\/www.satyamyogasystem.com\/?page_id=615"},"modified":"2026-03-11T17:56:02","modified_gmt":"2026-03-11T17:56:02","slug":"i-s-y-a","status":"publish","type":"page","link":"https:\/\/www.satyamyogasystem.com\/ca\/i-s-y-a\/","title":{"rendered":"I.S.Y.A."},"content":{"rendered":"<div class=\"et_pb_section_0 et_pb_section et_section_regular et_block_section\"><div class=\"et_pb_row_0 et_pb_row et_block_row\"><div class=\"et_pb_column_0 et_pb_column et_pb_column_1_2 et_block_column et_pb_css_mix_blend_mode_passthrough\"><div class=\"et_pb_image_0 et_pb_image et_pb_module et_block_module\"><span class=\"et_pb_image_wrap\"><img loading=\"lazy\" decoding=\"async\" src=\"https:\/\/www.satyamyogasystem.com\/wp-content\/uploads\/2020\/06\/LOGO-INTERNATIONAL-copia.jpg\" width=\"800\" height=\"533\" srcset=\"https:\/\/www.satyamyogasystem.com\/wp-content\/uploads\/2020\/06\/LOGO-INTERNATIONAL-copia.jpg 800w, https:\/\/www.satyamyogasystem.com\/wp-content\/uploads\/2020\/06\/LOGO-INTERNATIONAL-copia-480x320.jpg 480w\" sizes=\"(min-width: 0px) and (max-width: 480px) 480px, (min-width: 481px) 800px, 100vw\" class=\"wp-image-207\" \/><\/span><\/div><\/div><div class=\"et_pb_column_1 et_pb_column et_pb_column_1_2 et-last-child et_block_column et_pb_css_mix_blend_mode_passthrough\"><div class=\"et_pb_text_0 et_pb_text et_pb_bg_layout_light et_pb_module et_block_module\"><div class=\"et_pb_text_inner\"><h2>International Satyam Yoga Association<\/h2>\n<\/div><\/div><div class=\"et_pb_divider_0 et_pb_divider et_pb_space et_pb_divider_position_top et_pb_module\"><div class=\"et_pb_divider_internal\"><\/div><\/div><div class=\"et_pb_text_1 et_pb_text et_pb_bg_layout_light et_pb_module et_block_module et_pb_text_align_justified\"><div class=\"et_pb_text_inner\"><p>\u00c9s una associaci\u00f3 de persones de diferents \u00e0mbits culturals i professionals, dedicades a la pr\u00e0ctica del Satyam Yoga i tamb\u00e9 a l'estudi i pr\u00e0ctica de la Saviesa Universal.<\/p>\n<p>El prop\u00f2sit de la nostra associaci\u00f3 \u00e9s la de preservar i difondre el Satyam Yoga en particular i del ioga en general.<\/p>\n<p>Una associaci\u00f3 formada per cercadors sincers de la veritat que mitjan\u00e7ant la pr\u00e0ctica regular de la meditaci\u00f3, el ioga, l'estudi, el treball en grup, la vida equilibrada, etc. segueixen un cam\u00ed evolutiu a trav\u00e9s del coneixement i la transformaci\u00f3 personal.<\/p>\n<\/div><\/div><\/div><\/div><\/div><div class=\"et_pb_section_1 et_pb_section et_section_regular et_block_section\"><div class=\"et_pb_row_1 et_pb_row et_block_row\" id=\"Una-nueva-luz-home\"><div class=\"et_pb_column_2 et_pb_column et_pb_column_1_2 et_block_column et_pb_css_mix_blend_mode_passthrough\"><div class=\"et_pb_divider_1 et_pb_divider et_pb_space et_pb_divider_position_top et_pb_module\"><div class=\"et_pb_divider_internal\"><\/div><\/div><div class=\"et_pb_text_2 et_pb_text et_pb_bg_layout_light et_pb_module et_block_module\"><div class=\"et_pb_text_inner\"><p>El nostre desig \u00e9s compartir amb les persones interessades en el cam\u00ed evolutiu de l'\u00c9sser la nostra experi\u00e8ncia, coneixements i activitats, perqu\u00e8 puguin millorar el seu proc\u00e9s personal i oferir-los al mateix temps un espai d'inspiraci\u00f3, aprenentatge, harmonia, col\u00b7laboraci\u00f3 i fraternitat.<\/p>\n<p>Per aix\u00f2 oferim les nostres activitats regulars com meditacions, celebracions, seminaris, retirs, cursos, conviv\u00e8ncies, etc. a qui ho desitgi.<\/p>\n<\/div><\/div><\/div><div class=\"et_pb_column_3 et_pb_column et_pb_column_1_2 et-last-child et_block_column et_pb_css_mix_blend_mode_passthrough\"><div class=\"et_pb_image_1 et_pb_image et_pb_module et_block_module\"><span class=\"et_pb_image_wrap\"><img loading=\"lazy\" decoding=\"async\" src=\"https:\/\/www.satyamyogasystem.com\/wp-content\/uploads\/2020\/06\/estructuraprevio1.jpg\" width=\"800\" height=\"533\" srcset=\"https:\/\/www.satyamyogasystem.com\/wp-content\/uploads\/2020\/06\/estructuraprevio1.jpg 800w, https:\/\/www.satyamyogasystem.com\/wp-content\/uploads\/2020\/06\/estructuraprevio1-480x320.jpg 480w\" sizes=\"(min-width: 0px) and (max-width: 480px) 480px, (min-width: 481px) 800px, 100vw\" class=\"wp-image-190\" \/><\/span><\/div><\/div><\/div><\/div>","protected":false},"excerpt":{"rendered":"","protected":false},"author":2,"featured_media":0,"parent":0,"menu_order":0,"comment_status":"closed","ping_status":"closed","template":"","meta":{"footnotes":""},"class_list":["post-615","page","type-page","status-publish","hentry"],"_links":{"self":[{"href":"https:\/\/www.satyamyogasystem.com\/ca\/wp-json\/wp\/v2\/pages\/615","targetHints":{"allow":["GET"]}}],"collection":[{"href":"https:\/\/www.satyamyogasystem.com\/ca\/wp-json\/wp\/v2\/pages"}],"about":[{"href":"https:\/\/www.satyamyogasystem.com\/ca\/wp-json\/wp\/v2\/types\/page"}],"author":[{"embeddable":true,"href":"https:\/\/www.satyamyogasystem.com\/ca\/wp-json\/wp\/v2\/users\/2"}],"replies":[{"embeddable":true,"href":"https:\/\/www.satyamyogasystem.com\/ca\/wp-json\/wp\/v2\/comments?post=615"}],"version-history":[{"count":6,"href":"https:\/\/www.satyamyogasystem.com\/ca\/wp-json\/wp\/v2\/pages\/615\/revisions"}],"predecessor-version":[{"id":6196,"href":"https:\/\/www.satyamyogasystem.com\/ca\/wp-json\/wp\/v2\/pages\/615\/revisions\/6196"}],"wp:attachment":[{"href":"https:\/\/www.satyamyogasystem.com\/ca\/wp-json\/wp\/v2\/media?parent=615"}],"curies":[{"name":"wp","href":"https:\/\/api.w.org\/{rel}","templated":true}]}}