{"id":621,"date":"2021-11-09T14:42:45","date_gmt":"2021-11-09T14:42:45","guid":{"rendered":"https:\/\/www.satyamyogasystem.com\/?page_id=621"},"modified":"2026-03-11T17:56:05","modified_gmt":"2026-03-11T17:56:05","slug":"sadananda-s-s","status":"publish","type":"page","link":"https:\/\/www.satyamyogasystem.com\/ca\/sadananda-s-s\/","title":{"rendered":"Sad\u00e2nanda S.S."},"content":{"rendered":"<div class=\"et_pb_section_0 et_pb_section et_section_regular et_block_section\"><div class=\"et_pb_row_0 et_pb_row et_block_row\"><div class=\"et_pb_column_0 et_pb_column et_pb_column_1_2 et_block_column et_pb_css_mix_blend_mode_passthrough\"><div class=\"et_pb_text_0 et_pb_text et_pb_bg_layout_light et_pb_module et_block_module\"><div class=\"et_pb_text_inner\"><h1>SAD\u00c2NANDA S.S.<\/h1>\n<p>&nbsp;<\/p>\n<p>\u00c9s el creador del m\u00e8tode Satyam Yoga System (SYS). Va desenvolupar i va estructurar el Satyam Yoga com una forma pr\u00e0ctica de seguir el cam\u00ed evolutiu.<\/p>\n<\/div><\/div><\/div><div class=\"et_pb_column_1 et_pb_column et_pb_column_1_2 et-last-child et_block_column et_pb_css_mix_blend_mode_passthrough\"><div class=\"et_pb_image_0 et_pb_image et_pb_module et_block_module\"><span class=\"et_pb_image_wrap\"><img loading=\"lazy\" decoding=\"async\" src=\"https:\/\/www.satyamyogasystem.com\/wp-content\/uploads\/2020\/06\/SADANANDA.jpg\" width=\"800\" height=\"800\" srcset=\"https:\/\/www.satyamyogasystem.com\/wp-content\/uploads\/2020\/06\/SADANANDA.jpg 800w, https:\/\/www.satyamyogasystem.com\/wp-content\/uploads\/2020\/06\/SADANANDA-480x480.jpg 480w\" sizes=\"(min-width: 0px) and (max-width: 480px) 480px, (min-width: 481px) 800px, 100vw\" class=\"wp-image-200\" \/><\/span><\/div><div class=\"et_pb_image_1 et_pb_image et_pb_module et_block_module\"><span class=\"et_pb_image_wrap\"><img loading=\"lazy\" decoding=\"async\" src=\"https:\/\/www.satyamyogasystem.com\/wp-content\/uploads\/2020\/05\/home41.jpg\" width=\"800\" height=\"800\" srcset=\"https:\/\/www.satyamyogasystem.com\/wp-content\/uploads\/2020\/05\/home41.jpg 800w, https:\/\/www.satyamyogasystem.com\/wp-content\/uploads\/2020\/05\/home41-480x480.jpg 480w\" sizes=\"(min-width: 0px) and (max-width: 480px) 480px, (min-width: 481px) 800px, 100vw\" class=\"wp-image-32\" \/><\/span><\/div><\/div><\/div><div class=\"et_pb_row_1 et_pb_row et_pb_row_1-4_1-2_1-4 et_block_row et_block_row_1-4_1-2_1-4\"><div class=\"et_pb_column_2 et_pb_column et_pb_column_1_4 et_block_column et_pb_css_mix_blend_mode_passthrough\"><div class=\"et_pb_divider_0 et_pb_divider et_pb_space et_pb_divider_position_top et_pb_module\"><div class=\"et_pb_divider_internal\"><\/div><\/div><\/div><div class=\"et_pb_column_3 et_pb_column et_pb_column_1_2 et_block_column et_pb_css_mix_blend_mode_passthrough\"><div class=\"et_pb_text_1 et_pb_text et_pb_bg_layout_light et_pb_module et_block_module\"><div class=\"et_pb_text_inner\"><p>Tota una vida dedicada a l'ensenyament, la divulgaci\u00f3 i al servei del ioga com a cam\u00ed evolutiu.<\/p>\n<\/div><\/div><\/div><div class=\"et_pb_column_4 et_pb_column et_pb_column_1_4 et-last-child et_block_column et_pb_column_empty et_pb_css_mix_blend_mode_passthrough\"><\/div><\/div><div class=\"et_pb_row_2 et_pb_row et_block_row\"><div class=\"et_pb_column_5 et_pb_column et_pb_column_4_4 et-last-child et_block_column et_pb_css_mix_blend_mode_passthrough\"><div class=\"et_pb_text_2 et_pb_text et_pb_bg_layout_light et_pb_module et_block_module\"><div class=\"et_pb_text_inner\"><p>De molt jove es va sentir atret per l'espiritualitat i quan va con\u00e8ixer el ioga va trobar el seu cam\u00ed al qual, des de llavors, s'ha consagrat en el seu estudi, pr\u00e0ctica, difusi\u00f3 i ensenyament.<\/p>\n<p>Va aprofundir en diferents m\u00e8todes de ioga (hatha, Iyengar, ioga egipci, ioga de l'energia, Ashtanga) aprenent de diferents professors de ioga rellevants en els diferents m\u00e8todes (Kulkani, Seshadri, BNS Iyengar, Babakar K., etc.). Tamb\u00e9 va estudiar amb diversos mestres espirituals en les diferents l\u00ednies del ioga (Bhakti, Raja, Gnana, etc.) i amb altres l\u00ednies de coneixement espiritual.<\/p>\n<p>En el camp de la Psicoterapia va treballar i profunditzar en diferents l\u00ednies (Gestalt, PNL, Regressi\u00f3, Bioenergia, Kinesologia, Relaxologia, etc.).<\/p>\n<p>En l'\u00e0mbit de la meditaci\u00f3 va aprendre i practicar diferents m\u00e8todes meditatius: meditaci\u00f3 m\u00e0ntrica, Zen, Vipassana, i\u00f2guica, ocultista, etc.<\/p>\n<p>Titulat com a professor de ioga per la AEPY i format en Ashtanga al YOGA RESEARCH\u00a0 INSTITUT de Mysore (\u00cdndia).<\/p>\n<p>Va comen\u00e7ar a ensenyar ioga el 1986, des de llavors ha realitzat nombrosos cursos i seminaris a Espanya, \u00cdndia i ara al Brasil.<\/p>\n<p>Despr\u00e9s de 20 anys d'extensa experi\u00e8ncia en l'ensenyament i pr\u00e0ctica del ioga i de la seva profunda formaci\u00f3 en saviesa Universal i filosofia oriental, va desenvolupar el M\u00e8tode Satyam com a s\u00edntesi de la seva experi\u00e8ncia i amb l'objectiu de facilitar l'acostament del ioga a totes les persones interessades.<\/p>\n<p>Ha inspirat, amb les seves xerrades, classes, confer\u00e8ncies, seminaris, retirs, consultes i escrits, a moltes persones; ajudant-les en el seu creixement personal.<\/p>\n<p>Autor del llibre \"El Despertar del Yoga\".<\/p>\n<p>Va fundar una de les escoles de refer\u00e8ncia a Barcelona i recentment \u00e9s cofundador del centre Purnam al Brasil.<\/p>\n<p>Mestre de ioga i meditaci\u00f3, numer\u00f2leg i terapeuta energ\u00e8tic, dedica la seva vida al servei del cam\u00ed evolutiu de l'\u00c9sser i a la divulgaci\u00f3 del ioga i el coneixement espiritual.<\/p>\n<\/div><\/div><\/div><\/div><\/div>","protected":false},"excerpt":{"rendered":"","protected":false},"author":2,"featured_media":0,"parent":0,"menu_order":0,"comment_status":"closed","ping_status":"closed","template":"","meta":{"footnotes":""},"class_list":["post-621","page","type-page","status-publish","hentry"],"_links":{"self":[{"href":"https:\/\/www.satyamyogasystem.com\/ca\/wp-json\/wp\/v2\/pages\/621","targetHints":{"allow":["GET"]}}],"collection":[{"href":"https:\/\/www.satyamyogasystem.com\/ca\/wp-json\/wp\/v2\/pages"}],"about":[{"href":"https:\/\/www.satyamyogasystem.com\/ca\/wp-json\/wp\/v2\/types\/page"}],"author":[{"embeddable":true,"href":"https:\/\/www.satyamyogasystem.com\/ca\/wp-json\/wp\/v2\/users\/2"}],"replies":[{"embeddable":true,"href":"https:\/\/www.satyamyogasystem.com\/ca\/wp-json\/wp\/v2\/comments?post=621"}],"version-history":[{"count":6,"href":"https:\/\/www.satyamyogasystem.com\/ca\/wp-json\/wp\/v2\/pages\/621\/revisions"}],"predecessor-version":[{"id":6198,"href":"https:\/\/www.satyamyogasystem.com\/ca\/wp-json\/wp\/v2\/pages\/621\/revisions\/6198"}],"wp:attachment":[{"href":"https:\/\/www.satyamyogasystem.com\/ca\/wp-json\/wp\/v2\/media?parent=621"}],"curies":[{"name":"wp","href":"https:\/\/api.w.org\/{rel}","templated":true}]}}