{"id":775,"date":"2021-11-10T14:40:56","date_gmt":"2021-11-10T14:40:56","guid":{"rendered":"https:\/\/www.satyamyogasystem.com\/?page_id=775"},"modified":"2026-03-11T17:56:17","modified_gmt":"2026-03-11T17:56:17","slug":"i-s-y-a","status":"publish","type":"page","link":"https:\/\/www.satyamyogasystem.com\/pt-br\/i-s-y-a\/","title":{"rendered":"I.S.Y.A."},"content":{"rendered":"<div class=\"et_pb_section_0 et_pb_section et_section_regular et_block_section\"><div class=\"et_pb_row_0 et_pb_row et_block_row\"><div class=\"et_pb_column_0 et_pb_column et_pb_column_1_2 et_block_column et_pb_css_mix_blend_mode_passthrough\"><div class=\"et_pb_image_0 et_pb_image et_pb_module et_block_module\"><span class=\"et_pb_image_wrap\"><img loading=\"lazy\" decoding=\"async\" src=\"https:\/\/www.satyamyogasystem.com\/wp-content\/uploads\/2020\/06\/LOGO-INTERNATIONAL-copia.jpg\" width=\"800\" height=\"533\" srcset=\"https:\/\/www.satyamyogasystem.com\/wp-content\/uploads\/2020\/06\/LOGO-INTERNATIONAL-copia.jpg 800w, https:\/\/www.satyamyogasystem.com\/wp-content\/uploads\/2020\/06\/LOGO-INTERNATIONAL-copia-480x320.jpg 480w\" sizes=\"(min-width: 0px) and (max-width: 480px) 480px, (min-width: 481px) 800px, 100vw\" class=\"wp-image-207\" \/><\/span><\/div><\/div><div class=\"et_pb_column_1 et_pb_column et_pb_column_1_2 et-last-child et_block_column et_pb_css_mix_blend_mode_passthrough\"><div class=\"et_pb_text_0 et_pb_text et_pb_bg_layout_light et_pb_module et_block_module\"><div class=\"et_pb_text_inner\"><h2>International Satyam Yoga Association<\/h2>\n<\/div><\/div><div class=\"et_pb_divider_0 et_pb_divider et_pb_space et_pb_divider_position_top et_pb_module\"><div class=\"et_pb_divider_internal\"><\/div><\/div><div class=\"et_pb_text_1 et_pb_text et_pb_bg_layout_light et_pb_module et_block_module et_pb_text_align_justified\"><div class=\"et_pb_text_inner\"><p>\u00c9 uma associa\u00e7\u00e3o de pessoas de diferentes \u00e1reas culturais e profissionais, dedicadas \u00e0 pr\u00e1tica do Satyam Yoga e tamb\u00e9m ao estudo e pr\u00e1tica da Sabedoria Universal.<\/p>\n<p>O objetivo da nossa associa\u00e7\u00e3o \u00e9 preservar e divulgar o Satyam Yoga em particular e o Yoga em geral.<\/p>\n<p>Uma associa\u00e7\u00e3o formada por buscadores sinceros da verdade que atrav\u00e9s da pr\u00e1tica regular da medita\u00e7\u00e3o, ioga, estudo, trabalho em grupo, vida equilibrada, etc. seguem um caminho evolutivo por meio do conhecimento e da transforma\u00e7\u00e3o pessoal.<\/p>\n<\/div><\/div><\/div><\/div><\/div><div class=\"et_pb_section_1 et_pb_section et_section_regular et_block_section\"><div class=\"et_pb_row_1 et_pb_row et_block_row\" id=\"Una-nueva-luz-home\"><div class=\"et_pb_column_2 et_pb_column et_pb_column_1_2 et_block_column et_pb_css_mix_blend_mode_passthrough\"><div class=\"et_pb_divider_1 et_pb_divider et_pb_space et_pb_divider_position_top et_pb_module\"><div class=\"et_pb_divider_internal\"><\/div><\/div><div class=\"et_pb_text_2 et_pb_text et_pb_bg_layout_light et_pb_module et_block_module\"><div class=\"et_pb_text_inner\"><p>Nosso desejo \u00e9 compartilhar com as pessoas interessadas no caminho evolutivo do Ser, nossas experi\u00eancias, conhecimentos e atividades, para que possam aprimorar seu processo pessoal e oferecer ao mesmo tempo um espa\u00e7o de inspira\u00e7\u00e3o, aprendizado, harmonia, colabora\u00e7\u00e3o e fraternidade.<\/p>\n<p>Para isso, oferecemos nossas atividades regulares como medita\u00e7\u00f5es, celebra\u00e7\u00f5es, semin\u00e1rios, retiros, cursos, encontros, etc. para todas as pessoas interessadas nestes temas.<\/p>\n<\/div><\/div><\/div><div class=\"et_pb_column_3 et_pb_column et_pb_column_1_2 et-last-child et_block_column et_pb_css_mix_blend_mode_passthrough\"><div class=\"et_pb_image_1 et_pb_image et_pb_module et_block_module\"><span class=\"et_pb_image_wrap\"><img loading=\"lazy\" decoding=\"async\" src=\"https:\/\/www.satyamyogasystem.com\/wp-content\/uploads\/2020\/06\/estructuraprevio1.jpg\" width=\"800\" height=\"533\" srcset=\"https:\/\/www.satyamyogasystem.com\/wp-content\/uploads\/2020\/06\/estructuraprevio1.jpg 800w, https:\/\/www.satyamyogasystem.com\/wp-content\/uploads\/2020\/06\/estructuraprevio1-480x320.jpg 480w\" sizes=\"(min-width: 0px) and (max-width: 480px) 480px, (min-width: 481px) 800px, 100vw\" class=\"wp-image-190\" \/><\/span><\/div><\/div><\/div><\/div>","protected":false},"excerpt":{"rendered":"","protected":false},"author":2,"featured_media":0,"parent":0,"menu_order":0,"comment_status":"closed","ping_status":"closed","template":"","meta":{"footnotes":""},"class_list":["post-775","page","type-page","status-publish","hentry"],"_links":{"self":[{"href":"https:\/\/www.satyamyogasystem.com\/pt-br\/wp-json\/wp\/v2\/pages\/775","targetHints":{"allow":["GET"]}}],"collection":[{"href":"https:\/\/www.satyamyogasystem.com\/pt-br\/wp-json\/wp\/v2\/pages"}],"about":[{"href":"https:\/\/www.satyamyogasystem.com\/pt-br\/wp-json\/wp\/v2\/types\/page"}],"author":[{"embeddable":true,"href":"https:\/\/www.satyamyogasystem.com\/pt-br\/wp-json\/wp\/v2\/users\/2"}],"replies":[{"embeddable":true,"href":"https:\/\/www.satyamyogasystem.com\/pt-br\/wp-json\/wp\/v2\/comments?post=775"}],"version-history":[{"count":5,"href":"https:\/\/www.satyamyogasystem.com\/pt-br\/wp-json\/wp\/v2\/pages\/775\/revisions"}],"predecessor-version":[{"id":6203,"href":"https:\/\/www.satyamyogasystem.com\/pt-br\/wp-json\/wp\/v2\/pages\/775\/revisions\/6203"}],"wp:attachment":[{"href":"https:\/\/www.satyamyogasystem.com\/pt-br\/wp-json\/wp\/v2\/media?parent=775"}],"curies":[{"name":"wp","href":"https:\/\/api.w.org\/{rel}","templated":true}]}}