{"id":785,"date":"2021-11-10T14:51:25","date_gmt":"2021-11-10T14:51:25","guid":{"rendered":"https:\/\/www.satyamyogasystem.com\/?page_id=785"},"modified":"2026-03-11T17:56:18","modified_gmt":"2026-03-11T17:56:18","slug":"meditacion","status":"publish","type":"page","link":"https:\/\/www.satyamyogasystem.com\/pt-br\/meditacion\/","title":{"rendered":"Meditaci\u00f3n"},"content":{"rendered":"<div class=\"et_pb_section_0 et_pb_section et_section_regular et_block_section\"><div class=\"et_pb_row_0 et_pb_row et_block_row\"><div class=\"et_pb_column_0 et_pb_column et_pb_column_3_5 et_block_column et_pb_css_mix_blend_mode_passthrough\"><div class=\"et_pb_text_0 et_pb_text et_pb_bg_layout_light et_pb_module et_block_module\"><div class=\"et_pb_text_inner\"><h1>Medita\u00e7\u00e3o<\/h1>\n<\/div><\/div><\/div><div class=\"et_pb_column_1 et_pb_column et_pb_column_2_5 et-last-child et_block_column et_pb_css_mix_blend_mode_passthrough\"><div class=\"et_pb_image_0 et_pb_image et_pb_module et_block_module\"><span class=\"et_pb_image_wrap\"><img loading=\"lazy\" decoding=\"async\" src=\"https:\/\/www.satyamyogasystem.com\/wp-content\/uploads\/2020\/06\/meditacion_satyamyoga.jpg\" width=\"800\" height=\"654\" srcset=\"https:\/\/www.satyamyogasystem.com\/wp-content\/uploads\/2020\/06\/meditacion_satyamyoga.jpg 800w, https:\/\/www.satyamyogasystem.com\/wp-content\/uploads\/2020\/06\/meditacion_satyamyoga-480x392.jpg 480w\" sizes=\"(min-width: 0px) and (max-width: 480px) 480px, (min-width: 481px) 800px, 100vw\" class=\"wp-image-178\" \/><\/span><\/div><\/div><\/div><div class=\"et_pb_row_1 et_pb_row et_block_row\"><div class=\"et_pb_column_2 et_pb_column et_pb_column_2_5 et_block_column et_pb_css_mix_blend_mode_passthrough\"><div class=\"et_pb_divider_0 et_pb_divider et_pb_space et_pb_divider_position_top et_pb_module\"><div class=\"et_pb_divider_internal\"><\/div><\/div><\/div><div class=\"et_pb_column_3 et_pb_column et_pb_column_3_5 et-last-child et_block_column et_pb_css_mix_blend_mode_passthrough\"><div class=\"et_pb_text_1 et_pb_text et_pb_bg_layout_light et_pb_module et_block_module\"><div class=\"et_pb_text_inner\"><p>\u00c9 a pr\u00e1tica que nos permite conectar com nosso ser interior e obter um estado de serenidade mental, calma emocional e relaxamento f\u00edsico.<br \/>Atrav\u00e9s da medita\u00e7\u00e3o alcan\u00e7amos estabilidade pessoal que nos permite melhorar nossa qualidade de vida.<\/p>\n<\/div><\/div><\/div><\/div><\/div><div class=\"et_pb_section_1 et_pb_section et_section_regular et_block_section\"><div class=\"et_pb_row_2 et_pb_row et_pb_gutters2 et_block_row\"><div class=\"et_pb_column_4 et_pb_column et_pb_column_4_4 et-last-child et_block_column et_pb_css_mix_blend_mode_passthrough\"><div class=\"et_pb_text_2 et_pb_text et_pb_bg_layout_light et_pb_module et_block_module et_pb_text_align_center\"><div class=\"et_pb_text_inner\"><h2>Benef\u00edcios<\/h2>\n<p>A medita\u00e7\u00e3o oferece grandes benef\u00edcios f\u00edsicos, emocionais e mentais, como tem sido demonstrado pelas in\u00fameras pesquisas cient\u00edficas realizadas.<\/p>\n<\/div><\/div><\/div><\/div><div class=\"et_pb_row_3 et_pb_row et_block_row\"><div class=\"et_pb_column_5 et_pb_column et_pb_column_1_2 et_block_column et_pb_css_mix_blend_mode_passthrough\"><div class=\"et_pb_image_1 et_pb_image et_pb_module et_block_module\"><span class=\"et_pb_image_wrap\"><img loading=\"lazy\" decoding=\"async\" src=\"https:\/\/www.satyamyogasystem.com\/wp-content\/uploads\/2020\/06\/meditacion_satyamyoga3.jpg\" width=\"800\" height=\"533\" srcset=\"https:\/\/www.satyamyogasystem.com\/wp-content\/uploads\/2020\/06\/meditacion_satyamyoga3.jpg 800w, https:\/\/www.satyamyogasystem.com\/wp-content\/uploads\/2020\/06\/meditacion_satyamyoga3-480x320.jpg 480w\" sizes=\"(min-width: 0px) and (max-width: 480px) 480px, (min-width: 481px) 800px, 100vw\" class=\"wp-image-181\" \/><\/span><\/div><div class=\"et_pb_pricing_tables_0 et_pb_pricing_tables et_pb_pricing clearfix et_pb_pricing_no_bullet et_pb_pricing_1 et_pb_no_featured_in_first_row et_pb_module et_flex_module\"><div class=\"et_pb_pricing_table_0 et_pb_pricing_table et_pb_module et_block_module et_flex_column_24_24 et_flex_column_24_24_tablet et_flex_column_24_24_phone\"><div class=\"et_pb_pricing_heading\"><\/div><div class=\"et_pb_pricing_content_top\"><div class=\"et_pb_et_price\"><\/div><\/div><div class=\"et_pb_pricing_content\"><ul class=\"et_pb_pricing\"><li><span><h2><strong><span style=\"color: #ff9900;\">BENEFICIOS CEREBRALES<\/span><\/strong><\/h2><\/span><\/li><li><span>Equilibrio de los hemisferios cerebrales.<\/span><\/li><li><span>Cambio en la frecuencia de las ondas cerebrales, pasando de las ondas Gamma\/ Beta (estado de vigilia) a la frecuencia Alfa (ondas caracter\u00edsticas de un estado de relajaci\u00f3n) hasta llegar a la frecuencia de ondas Theta (un estado de serenidad, sin apenas actividad mental), y para los meditadores m\u00e1s expertos llegar a las ondas Delta (meditaci\u00f3n profunda).<\/span><\/li><\/ul><\/div><\/div><\/div><\/div><div class=\"et_pb_column_6 et_pb_column et_pb_column_1_2 et-last-child et_block_column et_pb_css_mix_blend_mode_passthrough\"><div class=\"et_pb_image_2 et_pb_image et_pb_module et_block_module\"><span class=\"et_pb_image_wrap\"><img loading=\"lazy\" decoding=\"async\" src=\"https:\/\/www.satyamyogasystem.com\/wp-content\/uploads\/2020\/06\/meditacion_satyamyoga2.jpg\" width=\"800\" height=\"533\" srcset=\"https:\/\/www.satyamyogasystem.com\/wp-content\/uploads\/2020\/06\/meditacion_satyamyoga2.jpg 800w, https:\/\/www.satyamyogasystem.com\/wp-content\/uploads\/2020\/06\/meditacion_satyamyoga2-480x320.jpg 480w\" sizes=\"(min-width: 0px) and (max-width: 480px) 480px, (min-width: 481px) 800px, 100vw\" class=\"wp-image-180\" \/><\/span><\/div><div class=\"et_pb_pricing_tables_1 et_pb_pricing_tables et_pb_pricing clearfix et_pb_pricing_no_bullet et_pb_pricing_1 et_pb_no_featured_in_first_row et_pb_module et_flex_module\"><div class=\"et_pb_pricing_table_1 et_pb_pricing_table et_pb_module et_block_module et_flex_column_24_24 et_flex_column_24_24_tablet et_flex_column_24_24_phone\"><div class=\"et_pb_pricing_heading\"><\/div><div class=\"et_pb_pricing_content_top\"><div class=\"et_pb_et_price\"><\/div><\/div><div class=\"et_pb_pricing_content\"><ul class=\"et_pb_pricing\"><li><span><h2><strong><span style=\"color: #ff9900;\">BENEFICIOS PSICOLOGICOS<\/span><\/strong><\/h2><\/span><\/li><li><span>Tranquilidad y bienestar. Aumento de la autoestima. Buen humor. Desarrollo de la concentraci\u00f3n, m\u00e1s rendimiento en los estudios. Claridad mental.Mayor productividad. Aumenta la autosatisfacci\u00f3n.<\/span><\/li><\/ul><\/div><\/div><\/div><\/div><\/div><div class=\"et_pb_row_4 et_pb_row et_block_row\"><div class=\"et_pb_column_7 et_pb_column et_pb_column_1_2 et_block_column et_pb_css_mix_blend_mode_passthrough\"><div class=\"et_pb_image_3 et_pb_image et_pb_module et_block_module\"><span class=\"et_pb_image_wrap\"><img loading=\"lazy\" decoding=\"async\" src=\"https:\/\/www.satyamyogasystem.com\/wp-content\/uploads\/2020\/06\/meditacion_satyamyoga4.jpg\" width=\"800\" height=\"533\" srcset=\"https:\/\/www.satyamyogasystem.com\/wp-content\/uploads\/2020\/06\/meditacion_satyamyoga4.jpg 800w, https:\/\/www.satyamyogasystem.com\/wp-content\/uploads\/2020\/06\/meditacion_satyamyoga4-480x320.jpg 480w\" sizes=\"(min-width: 0px) and (max-width: 480px) 480px, (min-width: 481px) 800px, 100vw\" class=\"wp-image-182\" \/><\/span><\/div><div class=\"et_pb_pricing_tables_2 et_pb_pricing_tables et_pb_pricing clearfix et_pb_pricing_no_bullet et_pb_pricing_1 et_pb_no_featured_in_first_row et_pb_module et_flex_module\"><div class=\"et_pb_pricing_table_2 et_pb_pricing_table et_pb_module et_block_module et_flex_column_24_24 et_flex_column_24_24_tablet et_flex_column_24_24_phone\"><div class=\"et_pb_pricing_heading\"><\/div><div class=\"et_pb_pricing_content_top\"><div class=\"et_pb_et_price\"><\/div><\/div><div class=\"et_pb_pricing_content\"><ul class=\"et_pb_pricing\"><li><span><h2><strong><span style=\"color: #ff9900;\">BENEFICIOS EN EL CUERPO F\u00cdSICO<\/span><\/strong><\/h2><\/span><\/li><li><span>Regulaci\u00f3n del sistema endocrino. Disminuci\u00f3n del ritmo card\u00edaco. Regulaci\u00f3n de la tensi\u00f3n arterial. Lentitud en el ritmo respiratorio. Equilibrio en el sistema nervioso.<\/span><\/li><\/ul><\/div><\/div><\/div><\/div><div class=\"et_pb_column_8 et_pb_column et_pb_column_1_2 et-last-child et_block_column et_pb_css_mix_blend_mode_passthrough\"><div class=\"et_pb_image_4 et_pb_image et_pb_module et_block_module\"><span class=\"et_pb_image_wrap\"><img loading=\"lazy\" decoding=\"async\" src=\"https:\/\/www.satyamyogasystem.com\/wp-content\/uploads\/2020\/06\/meditacion_satyamyoga1.jpg\" width=\"800\" height=\"533\" srcset=\"https:\/\/www.satyamyogasystem.com\/wp-content\/uploads\/2020\/06\/meditacion_satyamyoga1.jpg 800w, https:\/\/www.satyamyogasystem.com\/wp-content\/uploads\/2020\/06\/meditacion_satyamyoga1-480x320.jpg 480w\" sizes=\"(min-width: 0px) and (max-width: 480px) 480px, (min-width: 481px) 800px, 100vw\" class=\"wp-image-179\" \/><\/span><\/div><div class=\"et_pb_pricing_tables_3 et_pb_pricing_tables et_pb_pricing clearfix et_pb_pricing_no_bullet et_pb_pricing_1 et_pb_no_featured_in_first_row et_pb_module et_flex_module\"><div class=\"et_pb_pricing_table_3 et_pb_pricing_table et_pb_module et_block_module et_flex_column_24_24 et_flex_column_24_24_tablet et_flex_column_24_24_phone\"><div class=\"et_pb_pricing_heading\"><\/div><div class=\"et_pb_pricing_content_top\"><div class=\"et_pb_et_price\"><\/div><\/div><div class=\"et_pb_pricing_content\"><ul class=\"et_pb_pricing\"><li><span><h2><strong><span style=\"color: #ff9900;\">BENEFICIOS EN EL CUERPO VITAL<\/span><\/strong><\/h2><\/span><\/li><li><span>Debido a la relajaci\u00f3n f\u00edsica y mental que obtenemos mediante la pr\u00e1ctica de la meditaci\u00f3n, el flujo energ\u00e9tico de nuestro cuerpo vital aumenta, as\u00ed como la absorci\u00f3n de nueva energ\u00eda vital.<\/span><\/li><\/ul><\/div><\/div><\/div><\/div><\/div><\/div>","protected":false},"excerpt":{"rendered":"","protected":false},"author":2,"featured_media":0,"parent":0,"menu_order":0,"comment_status":"closed","ping_status":"closed","template":"","meta":{"footnotes":""},"class_list":["post-785","page","type-page","status-publish","hentry"],"_links":{"self":[{"href":"https:\/\/www.satyamyogasystem.com\/pt-br\/wp-json\/wp\/v2\/pages\/785","targetHints":{"allow":["GET"]}}],"collection":[{"href":"https:\/\/www.satyamyogasystem.com\/pt-br\/wp-json\/wp\/v2\/pages"}],"about":[{"href":"https:\/\/www.satyamyogasystem.com\/pt-br\/wp-json\/wp\/v2\/types\/page"}],"author":[{"embeddable":true,"href":"https:\/\/www.satyamyogasystem.com\/pt-br\/wp-json\/wp\/v2\/users\/2"}],"replies":[{"embeddable":true,"href":"https:\/\/www.satyamyogasystem.com\/pt-br\/wp-json\/wp\/v2\/comments?post=785"}],"version-history":[{"count":4,"href":"https:\/\/www.satyamyogasystem.com\/pt-br\/wp-json\/wp\/v2\/pages\/785\/revisions"}],"predecessor-version":[{"id":6204,"href":"https:\/\/www.satyamyogasystem.com\/pt-br\/wp-json\/wp\/v2\/pages\/785\/revisions\/6204"}],"wp:attachment":[{"href":"https:\/\/www.satyamyogasystem.com\/pt-br\/wp-json\/wp\/v2\/media?parent=785"}],"curies":[{"name":"wp","href":"https:\/\/api.w.org\/{rel}","templated":true}]}}