{"id":804,"date":"2021-11-10T20:41:40","date_gmt":"2021-11-10T20:41:40","guid":{"rendered":"https:\/\/www.satyamyogasystem.com\/?page_id=804"},"modified":"2026-03-11T17:56:22","modified_gmt":"2026-03-11T17:56:22","slug":"sadananda-s-s","status":"publish","type":"page","link":"https:\/\/www.satyamyogasystem.com\/pt-br\/sadananda-s-s\/","title":{"rendered":"Sad\u00e2nanda S.S."},"content":{"rendered":"<div class=\"et_pb_section_0 et_pb_section et_section_regular et_block_section\"><div class=\"et_pb_row_0 et_pb_row et_block_row\"><div class=\"et_pb_column_0 et_pb_column et_pb_column_1_2 et_block_column et_pb_css_mix_blend_mode_passthrough\"><div class=\"et_pb_text_0 et_pb_text et_pb_bg_layout_light et_pb_module et_block_module\"><div class=\"et_pb_text_inner\"><h1>SAD\u00c2NANDA S.S.<\/h1>\n<p>\u00c9 o criador do m\u00e9todo Satyam Yoga System (SYS). Desenvolveu e estruturou o Satyam Yoga como uma forma pr\u00e1tica de trilhar o caminho evolutivo.<\/p>\n<\/div><\/div><\/div><div class=\"et_pb_column_1 et_pb_column et_pb_column_1_2 et-last-child et_block_column et_pb_css_mix_blend_mode_passthrough\"><div class=\"et_pb_image_0 et_pb_image et_pb_module et_block_module\"><span class=\"et_pb_image_wrap\"><img loading=\"lazy\" decoding=\"async\" src=\"https:\/\/www.satyamyogasystem.com\/wp-content\/uploads\/2020\/06\/SADANANDA.jpg\" width=\"800\" height=\"800\" srcset=\"https:\/\/www.satyamyogasystem.com\/wp-content\/uploads\/2020\/06\/SADANANDA.jpg 800w, https:\/\/www.satyamyogasystem.com\/wp-content\/uploads\/2020\/06\/SADANANDA-480x480.jpg 480w\" sizes=\"(min-width: 0px) and (max-width: 480px) 480px, (min-width: 481px) 800px, 100vw\" class=\"wp-image-200\" \/><\/span><\/div><div class=\"et_pb_image_1 et_pb_image et_pb_module et_block_module\"><span class=\"et_pb_image_wrap\"><img loading=\"lazy\" decoding=\"async\" src=\"https:\/\/www.satyamyogasystem.com\/wp-content\/uploads\/2020\/05\/home41.jpg\" width=\"800\" height=\"800\" srcset=\"https:\/\/www.satyamyogasystem.com\/wp-content\/uploads\/2020\/05\/home41.jpg 800w, https:\/\/www.satyamyogasystem.com\/wp-content\/uploads\/2020\/05\/home41-480x480.jpg 480w\" sizes=\"(min-width: 0px) and (max-width: 480px) 480px, (min-width: 481px) 800px, 100vw\" class=\"wp-image-32\" \/><\/span><\/div><\/div><\/div><div class=\"et_pb_row_1 et_pb_row et_pb_row_1-4_1-2_1-4 et_block_row et_block_row_1-4_1-2_1-4\"><div class=\"et_pb_column_2 et_pb_column et_pb_column_1_4 et_block_column et_pb_css_mix_blend_mode_passthrough\"><div class=\"et_pb_divider_0 et_pb_divider et_pb_space et_pb_divider_position_top et_pb_module\"><div class=\"et_pb_divider_internal\"><\/div><\/div><\/div><div class=\"et_pb_column_3 et_pb_column et_pb_column_1_2 et_block_column et_pb_css_mix_blend_mode_passthrough\"><div class=\"et_pb_text_1 et_pb_text et_pb_bg_layout_light et_pb_module et_block_module\"><div class=\"et_pb_text_inner\"><p>Uma vida inteira dedicada ao ensino, divulga\u00e7\u00e3o e servi\u00e7o do Yoga como um caminho evolutivo.<\/p>\n<\/div><\/div><\/div><div class=\"et_pb_column_4 et_pb_column et_pb_column_1_4 et-last-child et_block_column et_pb_column_empty et_pb_css_mix_blend_mode_passthrough\"><\/div><\/div><div class=\"et_pb_row_2 et_pb_row et_block_row\"><div class=\"et_pb_column_5 et_pb_column et_pb_column_4_4 et-last-child et_block_column et_pb_css_mix_blend_mode_passthrough\"><div class=\"et_pb_text_2 et_pb_text et_pb_bg_layout_light et_pb_module et_block_module\"><div class=\"et_pb_text_inner\"><p>Desde muito jovem sentiu-se atra\u00eddo pelo lado espiritual e quando conheceu o yoga encontrou o caminho que buscava. Desde ent\u00e3o, se dedicou ao estudo, pr\u00e1tica, divulga\u00e7\u00e3o e ensino desta ci\u00eancia milenar.<\/p>\n<p>Se aprofundou em diferentes m\u00e9todos de yoga (Hatha, Iyengar, Ashtanga, yoga eg\u00edpcio, yoga da energia, etc.) onde teve a oportunidade de aprender com os professores mais relevantes de cada m\u00e9todo (Kulkani, Seshadri, BNS Iyengar, Babakar K., etc.).<\/p>\n<p>Tamb\u00e9m estudou com v\u00e1rios mestres espirituais nas diferentes linhas do yoga (Bhakti, Raja, Jnana, etc.) e de outras linhas de conhecimento espiritual.<\/p>\n<p>Na \u00e1rea da Psicoterapia trabalhou e se aprofundou em diferentes linhas (Gestalt, PNL, Regress\u00e3o, Bioenerg\u00e9tica, Kinesiologia, Ci\u00eancia do relaxamento, etc).<\/p>\n<p>No campo da medita\u00e7\u00e3o, aprendeu e praticou diferentes m\u00e9todos de medita\u00e7\u00e3o: medita\u00e7\u00e3o m\u00e2ntrica, Zen, Vipassana, y\u00f3guica, ocultista, etc.<\/p>\n<p>Qualificado como professor de yoga pela AEPY (<em>Asociacion Espa\u00f1ola de Practicantes de Yoga<\/em>) e formado em Ashtanga pelo Sri Patanjala Yoga Shala, em Mysore (\u00cdndia).<\/p>\n<p>Come\u00e7ou a ensinar yoga em 1986, desde ent\u00e3o vem fazendo v\u00e1rios cursos e semin\u00e1rios na Espanha, \u00cdndia e agora no Brasil.<\/p>\n<p>Ap\u00f3s 20 anos de vasta experi\u00eancia no ensino e pr\u00e1tica do yoga e da sua profunda forma\u00e7\u00e3o em Sabedoria Universal e filosofia oriental, desenvolveu o M\u00e9todo Satyam System como uma s\u00edntese da sua experi\u00eancia e com o objetivo de facilitar a abordagem do yoga a todas as pessoas. interessadas.<\/p>\n<p>Continua inspirando a muitas pessoas com suas palestras, aulas, confer\u00eancias, semin\u00e1rios, retiros, consultas e escritos; ajudando-os em seu crescimento pessoal.<\/p>\n<p>Autor do livro \"El Despertar del Yoga\".<\/p>\n<p>Fundou uma das escolas de refer\u00eancia em Barcelona e recentemente \u00e9 cofundador do centro Purnam no Brasil.<\/p>\n<p>Mestre de yoga e medita\u00e7\u00e3o, numer\u00f3logo e terapeuta energ\u00e9tico, dedica sua vida ao servi\u00e7o do caminho evolutivo do Ser e \u00e0 divulga\u00e7\u00e3o do yoga e do conhecimento espiritual.<\/p>\n<\/div><\/div><\/div><\/div><\/div>","protected":false},"excerpt":{"rendered":"","protected":false},"author":2,"featured_media":0,"parent":0,"menu_order":0,"comment_status":"closed","ping_status":"closed","template":"","meta":{"footnotes":""},"class_list":["post-804","page","type-page","status-publish","hentry"],"_links":{"self":[{"href":"https:\/\/www.satyamyogasystem.com\/pt-br\/wp-json\/wp\/v2\/pages\/804","targetHints":{"allow":["GET"]}}],"collection":[{"href":"https:\/\/www.satyamyogasystem.com\/pt-br\/wp-json\/wp\/v2\/pages"}],"about":[{"href":"https:\/\/www.satyamyogasystem.com\/pt-br\/wp-json\/wp\/v2\/types\/page"}],"author":[{"embeddable":true,"href":"https:\/\/www.satyamyogasystem.com\/pt-br\/wp-json\/wp\/v2\/users\/2"}],"replies":[{"embeddable":true,"href":"https:\/\/www.satyamyogasystem.com\/pt-br\/wp-json\/wp\/v2\/comments?post=804"}],"version-history":[{"count":6,"href":"https:\/\/www.satyamyogasystem.com\/pt-br\/wp-json\/wp\/v2\/pages\/804\/revisions"}],"predecessor-version":[{"id":6207,"href":"https:\/\/www.satyamyogasystem.com\/pt-br\/wp-json\/wp\/v2\/pages\/804\/revisions\/6207"}],"wp:attachment":[{"href":"https:\/\/www.satyamyogasystem.com\/pt-br\/wp-json\/wp\/v2\/media?parent=804"}],"curies":[{"name":"wp","href":"https:\/\/api.w.org\/{rel}","templated":true}]}}