{"id":847,"date":"2021-11-23T11:11:22","date_gmt":"2021-11-23T11:11:22","guid":{"rendered":"https:\/\/www.satyamyogasystem.com\/?page_id=847"},"modified":"2026-03-11T17:56:25","modified_gmt":"2026-03-11T17:56:25","slug":"satyam-yoga","status":"publish","type":"page","link":"https:\/\/www.satyamyogasystem.com\/pt-br\/satyam-yoga\/","title":{"rendered":"Satyam Yoga"},"content":{"rendered":"<div class=\"et_pb_section_0 et_pb_section et_section_regular et_block_section\"><div class=\"et_pb_row_0 et_pb_row et_block_row\"><div class=\"et_pb_column_0 et_pb_column et_pb_column_3_5 et_block_column et_pb_css_mix_blend_mode_passthrough\"><div class=\"et_pb_text_0 et_pb_text et_pb_bg_layout_light et_pb_module et_block_module\"><div class=\"et_pb_text_inner\"><h1>Satyam Yoga<\/h1>\n<\/div><\/div><div class=\"et_pb_text_1 et_pb_text et_pb_bg_layout_light et_pb_module et_block_module\"><div class=\"et_pb_text_inner\"><p>N\u00e3o \u00e9 uma filosofia, nem uma ideologia, nem uma religi\u00e3o, simplesmente prop\u00f5e um caminho evolutivo para a autorrealiza\u00e7\u00e3o atrav\u00e9s da auto-observa\u00e7\u00e3o, reflex\u00e3o, conhecimento e experi\u00eancia pessoal. \u00c9 um yoga que se afasta da cren\u00e7a e da supersti\u00e7\u00e3o. Facilita e promove que cada praticante, por meio de seu trabalho pessoal, experimente o conhecimento por si mesmo e que, por meio de suas pr\u00f3prias conquistas, desenvolva uma nova consci\u00eancia e transforma\u00e7\u00f5es pessoais importantes para alcan\u00e7ar sua pr\u00f3pria realiza\u00e7\u00e3o.<\/p>\n<p>O Satyam Yoga incentiva pr\u00e1ticas de grupo como medita\u00e7\u00e3o, estudo e servi\u00e7o, sempre a partir de uma atitude colaborativa e cooperativa e respeitando a pr\u00f3pria liberdade pessoal e o pr\u00f3prio desenvolvimento e funcionamento do grupo.<\/p>\n<\/div><\/div><\/div><div class=\"et_pb_column_1 et_pb_column et_pb_column_2_5 et-last-child et_block_column et_pb_css_mix_blend_mode_passthrough\"><div class=\"et_pb_image_0 et_pb_image et_pb_module et_block_module\"><span class=\"et_pb_image_wrap\"><img loading=\"lazy\" decoding=\"async\" src=\"https:\/\/www.satyamyogasystem.com\/wp-content\/uploads\/2020\/05\/satyamyoga.jpg\" width=\"800\" height=\"800\" srcset=\"https:\/\/www.satyamyogasystem.com\/wp-content\/uploads\/2020\/05\/satyamyoga.jpg 800w, https:\/\/www.satyamyogasystem.com\/wp-content\/uploads\/2020\/05\/satyamyoga-480x480.jpg 480w\" sizes=\"(min-width: 0px) and (max-width: 480px) 480px, (min-width: 481px) 800px, 100vw\" class=\"wp-image-147\" \/><\/span><\/div><div class=\"et_pb_image_1 et_pb_image et_pb_module et_block_module\"><span class=\"et_pb_image_wrap\"><img loading=\"lazy\" decoding=\"async\" src=\"https:\/\/www.satyamyogasystem.com\/wp-content\/uploads\/2020\/05\/massage-05.png\" width=\"320\" height=\"320\" srcset=\"https:\/\/www.satyamyogasystem.com\/wp-content\/uploads\/2020\/05\/massage-05.png 320w, https:\/\/www.satyamyogasystem.com\/wp-content\/uploads\/2020\/05\/massage-05-300x300.png 300w, https:\/\/www.satyamyogasystem.com\/wp-content\/uploads\/2020\/05\/massage-05-150x150.png 150w\" sizes=\"(max-width: 320px) 100vw, 320px\" class=\"wp-image-39\" \/><\/span><\/div><\/div><\/div><\/div><div class=\"et_pb_section_1 et_pb_section et_section_regular et_block_section\"><div class=\"et_pb_row_1 et_pb_row et_pb_gutters2 et_block_row\"><div class=\"et_pb_column_2 et_pb_column et_pb_column_2_5 et_block_column et_pb_css_mix_blend_mode_passthrough\"><div class=\"et_pb_image_2 et_pb_image et_pb_module et_block_module\"><span class=\"et_pb_image_wrap\"><img loading=\"lazy\" decoding=\"async\" src=\"https:\/\/www.satyamyogasystem.com\/wp-content\/uploads\/2020\/06\/yogaacuariano.jpg\" width=\"800\" height=\"654\" srcset=\"https:\/\/www.satyamyogasystem.com\/wp-content\/uploads\/2020\/06\/yogaacuariano.jpg 800w, https:\/\/www.satyamyogasystem.com\/wp-content\/uploads\/2020\/06\/yogaacuariano-480x392.jpg 480w\" sizes=\"(min-width: 0px) and (max-width: 480px) 480px, (min-width: 481px) 800px, 100vw\" class=\"wp-image-185\" \/><\/span><\/div><\/div><div class=\"et_pb_column_3 et_pb_column et_pb_column_3_5 et-last-child et_block_column et_pb_css_mix_blend_mode_passthrough\"><div class=\"et_pb_text_2 et_pb_text et_pb_bg_layout_light et_pb_module et_block_module\"><div class=\"et_pb_text_inner\"><h2>Yoga Aquariano<\/h2>\n<\/div><\/div><div class=\"et_pb_divider_0 et_pb_divider et_pb_space et_pb_divider_position_top et_pb_module\"><div class=\"et_pb_divider_internal\"><\/div><\/div><div class=\"et_pb_text_3 et_pb_text et_pb_bg_layout_light et_pb_module et_block_module\"><div class=\"et_pb_text_inner\"><p>Toda exist\u00eancia \u00e9 c\u00edclica e consiste em diferentes per\u00edodos ou eras, cada uma com suas peculiaridades e caracter\u00edsticas. Estar em coer\u00eancia e totalmente adaptado a cada \u00e9poca facilita muito nosso processo evolutivo.<\/p>\n<p>A pr\u00e1tica e os princ\u00edpios fundamentais do SYS s\u00e3o totalmente consistentes e de acordo com a era atual.<\/p>\n<h2>S\u00edntese<br \/>Auto-regula\u00e7\u00e3o<br \/>Coopera\u00e7\u00e3o<br \/>Transforma\u00e7\u00e3o<\/h2>\n<p>&nbsp;<\/p>\n<\/div><\/div><\/div><\/div><\/div><div class=\"et_pb_section_2 et_pb_section et_section_regular et_block_section\"><div class=\"et_pb_row_2 et_pb_row et_block_row\"><div class=\"et_pb_column_4 et_pb_column et_pb_column_4_4 et-last-child et_block_column et_pb_css_mix_blend_mode_passthrough\"><div class=\"et_pb_text_4 et_pb_text et_pb_bg_layout_light et_pb_module et_block_module et_pb_text_align_center\"><div class=\"et_pb_text_inner\"><h2>What We Do<\/h2>\n<\/div><\/div><\/div><\/div><div class=\"et_pb_row_3 et_pb_row et_block_row\"><div class=\"et_pb_column_5 et_pb_column et_pb_column_1_3 et_block_column et_pb_css_mix_blend_mode_passthrough\"><div class=\"et_pb_blurb_0 et_pb_blurb et_pb_bg_layout_light et_pb_text_align_center et_pb_blurb_position_top et_clickable et_pb_module et_block_module\"><div class=\"et_pb_blurb_content\"><div class=\"et_pb_blurb_container\"><h4 class=\"et_pb_module_header\">Medita\u00e7\u00e3o<\/h4><div class=\"et_pb_blurb_description\"><p>\u00c9 uma pr\u00e1tica essencial transcender a personalidade e conectar-se com nosso ser interior. Permite-nos sentir a consci\u00eancia do nosso verdadeiro Eu e experimentar um estado de serenidade, harmonia e clareza.<\/p>\n<\/div><\/div><\/div><\/div><\/div><div class=\"et_pb_column_6 et_pb_column et_pb_column_1_3 et_block_column et_pb_css_mix_blend_mode_passthrough\"><div class=\"et_pb_blurb_1 et_pb_blurb et_pb_bg_layout_light et_pb_text_align_center et_pb_blurb_position_top et_clickable et_pb_module et_block_module\"><div class=\"et_pb_blurb_content\"><div class=\"et_pb_blurb_container\"><h4 class=\"et_pb_module_header\">Estudo<\/h4><div class=\"et_pb_blurb_description\"><p>Leitura dos ensinamentos da Sabedoria Universal que nos fornecem as diretrizes e as chaves para seguirmos com efic\u00e1cia nosso caminho evolutivo.<\/p>\n<p>Tentando ir al\u00e9m do estudo intelectual. Buscando sempre a reflex\u00e3o, compreens\u00e3o e aprendizagem dos ensinamentos, para que possam ser colocados em pr\u00e1tica no nosso dia a dia.<\/p>\n<\/div><\/div><\/div><\/div><\/div><div class=\"et_pb_column_7 et_pb_column et_pb_column_1_3 et-last-child et_block_column et_pb_css_mix_blend_mode_passthrough\"><div class=\"et_pb_blurb_2 et_pb_blurb et_pb_bg_layout_light et_pb_text_align_center et_pb_blurb_position_top et_clickable et_pb_module et_block_module\"><div class=\"et_pb_blurb_content\"><div class=\"et_pb_blurb_container\"><h4 class=\"et_pb_module_header\">Pr\u00e1tica<\/h4><div class=\"et_pb_blurb_description\"><p>Manter o corpo f\u00edsico e mental em boas condi\u00e7\u00f5es atrav\u00e9s da:<\/p>\n<p>Pr\u00e1tica do Satyam Yoga System (SYS).<br \/>Alimenta\u00e7\u00e3o saud\u00e1vel.<br \/>Qualidade de pensamentos.<br \/>Atitude positiva.<br \/>Saber como gerenciar adequadamente os sentimentos e emo\u00e7\u00f5es.<br \/>Colocar os ensinamentos em pr\u00e1tica.<\/p>\n<\/div><\/div><\/div><\/div><\/div><\/div><div class=\"et_pb_row_4 et_pb_row et_block_row\"><div class=\"et_pb_column_8 et_pb_column et_pb_column_1_3 et_block_column et_pb_css_mix_blend_mode_passthrough\"><div class=\"et_pb_blurb_3 et_pb_blurb et_pb_bg_layout_light et_pb_text_align_center et_pb_blurb_position_top et_clickable et_pb_module et_block_module\"><div class=\"et_pb_blurb_content\"><div class=\"et_pb_blurb_container\"><h4 class=\"et_pb_module_header\">O poder do som<\/h4><div class=\"et_pb_blurb_description\"><p>Tudo vibra, qualquer pensamento, sentimento, a\u00e7\u00e3o, tem uma vibra\u00e7\u00e3o e portanto um movimento energ\u00e9tico. O som \u00e9 vibra\u00e7\u00e3o. Usando certos sons por meio de mantras, invoca\u00e7\u00f5es e palavras sagradas, causamos mudan\u00e7as em nosso corpo e em nossa mente, podendo at\u00e9 melhorar algum tipo de doen\u00e7a ou enfermidade.<\/p>\n<\/div><\/div><\/div><\/div><\/div><div class=\"et_pb_column_9 et_pb_column et_pb_column_1_3 et_block_column et_pb_css_mix_blend_mode_passthrough\"><div class=\"et_pb_blurb_4 et_pb_blurb et_pb_bg_layout_light et_pb_text_align_center et_pb_blurb_position_top et_clickable et_pb_module et_block_module\"><div class=\"et_pb_blurb_content\"><div class=\"et_pb_blurb_container\"><h4 class=\"et_pb_module_header\">Trabalho Grupal <\/h4><div class=\"et_pb_blurb_description\"><p>O caminho evolutivo na era atual \u00e9 desenvolvido atrav\u00e9s do trabalho em grupo. Medita\u00e7\u00f5es em grupo, estudo, servi\u00e7o, etc., aumentam muito os efeitos das pr\u00e1ticas.<\/p>\n<p>O grupo facilita o controle de nossa personalidade (ego) por meio do desenvolvimento de amizade, coopera\u00e7\u00e3o e servi\u00e7o.<\/p>\n<\/div><\/div><\/div><\/div><\/div><div class=\"et_pb_column_10 et_pb_column et_pb_column_1_3 et-last-child et_block_column et_pb_css_mix_blend_mode_passthrough\"><div class=\"et_pb_blurb_5 et_pb_blurb et_pb_bg_layout_light et_pb_text_align_center et_pb_blurb_position_top et_clickable et_pb_module et_block_module\"><div class=\"et_pb_blurb_content\"><div class=\"et_pb_blurb_container\"><h4 class=\"et_pb_module_header\">Altru\u00edsmo<\/h4><div class=\"et_pb_blurb_description\"><p>Desenvolver a capacidade de dar, sem buscar compensa\u00e7\u00e3o, na \u00e1rea que for necess\u00e1ria.<\/p>\n<p>Ajudar a quem precisa de ajuda, com o m\u00e1ximo respeito e sem impor a nossa ajuda.<\/p>\n<p>Ajudar quando solicitado e necess\u00e1rio.<\/p>\n<\/div><\/div><\/div><\/div><\/div><\/div><\/div><div class=\"et_pb_section_3 et_pb_section et_section_specialty et_pb_gutters3 et_block_section\"><div class=\"et_pb_row et_block_row\"><div class=\"et_pb_column_11 et_pb_column et_pb_specialty_column et_pb_column_1_2 et_block_column et_pb_css_mix_blend_mode_passthrough\"><div class=\"et_pb_row_inner_0 et_pb_row_inner et_block_row\"><div class=\"et_pb_column_inner_0 et_pb_column_inner et_pb_column et_pb_column_4_4 et-last-child et_block_column et_pb_css_mix_blend_mode_passthrough\"><div class=\"et_pb_text_5 et_pb_text et_pb_bg_layout_light et_pb_module et_block_module\"><div class=\"et_pb_text_inner\"><h2>Plan a Visit<\/h2>\n<\/div><\/div><\/div><\/div><div class=\"et_pb_row_inner_1 et_pb_row_inner et_block_row\"><div class=\"et_pb_column_inner_1 et_pb_column_inner et_pb_column et_pb_column_4_4 et-last-child et_block_column et_pb_css_mix_blend_mode_passthrough\"><div class=\"et_pb_divider_1 et_pb_divider et_pb_space et_pb_divider_position_top et_pb_module\"><div class=\"et_pb_divider_internal\"><\/div><\/div><div class=\"et_pb_text_6 et_pb_text et_pb_bg_layout_light et_pb_module et_block_module\"><div class=\"et_pb_text_inner\"><p>Mauris blandit aliquet elit, eget tincidunt nibh pulvinar a. Vestibulum ante ipsum primis in faucibus orci luctus et ultrices posuere cubilia Curae; Donec velit neque, auctor sit amet aliquam vel, ullamcorper sit<\/p>\n<\/div><\/div><div class=\"et_pb_module et_pb_button_module_wrapper et_pb_button_0_wrapper\"><a class=\"et_pb_button_0 et_pb_button et_pb_bg_layout_light et_pb_module et_block_module\" href=\"\">Book An Appointment<\/a><\/div><\/div><\/div><\/div><div class=\"et_pb_column_12 et_pb_column et_pb_column_single et_pb_column_1_2 et-last-child et_block_column et_pb_css_mix_blend_mode_passthrough\"><div class=\"et_pb_image_3 et_pb_image et_pb_module et_block_module\"><span class=\"et_pb_image_wrap\"><img loading=\"lazy\" decoding=\"async\" src=\"https:\/\/www.satyamyogasystem.com\/wp-content\/uploads\/2020\/04\/massage-15.jpg\" width=\"600\" height=\"400\" srcset=\"https:\/\/www.satyamyogasystem.com\/wp-content\/uploads\/2020\/04\/massage-15.jpg 600w, https:\/\/www.satyamyogasystem.com\/wp-content\/uploads\/2020\/04\/massage-15-480x320.jpg 480w\" sizes=\"(min-width: 0px) and (max-width: 480px) 480px, (min-width: 481px) 600px, 100vw\" class=\"wp-image-20\" \/><\/span><\/div><\/div><\/div><\/div><div class=\"et_pb_section_4 et_pb_section et_section_regular et_block_section\"><div class=\"et_pb_row_5 et_pb_row et_block_row\"><div class=\"et_pb_column_13 et_pb_column et_pb_column_1_3 et_block_column et_pb_css_mix_blend_mode_passthrough\"><div class=\"et_pb_blurb_6 et_pb_blurb et_pb_bg_layout_light et_pb_text_align_center et_pb_blurb_position_top et_pb_module et_block_module\"><div class=\"et_pb_blurb_content\"><div class=\"et_pb_main_blurb_image\"><span class=\"et_pb_image_wrap et_pb_only_image_mode_wrap\"><img loading=\"lazy\" decoding=\"async\" src=\"https:\/\/www.satyamyogasystem.com\/wp-content\/uploads\/2020\/04\/massage-therapy-icon-09.png\" width=\"100\" height=\"100\" srcset=\"https:\/\/www.satyamyogasystem.com\/wp-content\/uploads\/2020\/04\/massage-therapy-icon-09.png 100w\" sizes=\"(max-width: 100px) 100vw, 100px\" class=\"et-waypoint et_pb_animation_top et_pb_animation_top_tablet et_pb_animation_top_phone wp-image-21\" \/><\/span><\/div><div class=\"et_pb_blurb_container\"><h4 class=\"et_pb_module_header\">Come On In<\/h4><div class=\"et_pb_blurb_description\"><p>Vestibulum ac diam sit amet quam vehicula elementum sed sit amet dui donec.<\/p>\n<\/div><\/div><\/div><\/div><\/div><div class=\"et_pb_column_14 et_pb_column et_pb_column_1_3 et_block_column et_pb_css_mix_blend_mode_passthrough\"><div class=\"et_pb_blurb_7 et_pb_blurb et_pb_bg_layout_light et_pb_text_align_center et_pb_blurb_position_top et_pb_module et_block_module\"><div class=\"et_pb_blurb_content\"><div class=\"et_pb_main_blurb_image\"><span class=\"et_pb_image_wrap et_pb_only_image_mode_wrap\"><img loading=\"lazy\" decoding=\"async\" src=\"https:\/\/www.satyamyogasystem.com\/wp-content\/uploads\/2020\/04\/massage-therapy-icon-012.png\" width=\"100\" height=\"100\" srcset=\"https:\/\/www.satyamyogasystem.com\/wp-content\/uploads\/2020\/04\/massage-therapy-icon-012.png 100w\" sizes=\"(max-width: 100px) 100vw, 100px\" class=\"et-waypoint et_pb_animation_top et_pb_animation_top_tablet et_pb_animation_top_phone wp-image-22\" \/><\/span><\/div><div class=\"et_pb_blurb_container\"><h4 class=\"et_pb_module_header\">Get In Touch<\/h4><div class=\"et_pb_blurb_description\"><p>Vestibulum ac diam sit amet quam vehicula elementum sed sit amet dui donec.<\/p>\n<\/div><\/div><\/div><\/div><\/div><div class=\"et_pb_column_15 et_pb_column et_pb_column_1_3 et-last-child et_block_column et_pb_column_empty et_pb_css_mix_blend_mode_passthrough\"><\/div><\/div><div class=\"et_pb_row_6 et_pb_row et_block_row\"><div class=\"et_pb_column_16 et_pb_column et_pb_column_4_4 et-last-child et_block_column et_pb_css_mix_blend_mode_passthrough\"><div class=\"et_pb_image_4 et_pb_image et_pb_image_sticky et_pb_module et_block_module\"><span class=\"et_pb_image_wrap\"><img loading=\"lazy\" decoding=\"async\" src=\"https:\/\/www.satyamyogasystem.com\/wp-content\/uploads\/2020\/04\/massage-09-1.jpg\" width=\"1920\" height=\"407\" srcset=\"https:\/\/www.satyamyogasystem.com\/wp-content\/uploads\/2020\/04\/massage-09-1.jpg 1920w, https:\/\/www.satyamyogasystem.com\/wp-content\/uploads\/2020\/04\/massage-09-1-1280x271.jpg 1280w, https:\/\/www.satyamyogasystem.com\/wp-content\/uploads\/2020\/04\/massage-09-1-980x208.jpg 980w, https:\/\/www.satyamyogasystem.com\/wp-content\/uploads\/2020\/04\/massage-09-1-480x102.jpg 480w\" sizes=\"(min-width: 0px) and (max-width: 480px) 480px, (min-width: 481px) and (max-width: 980px) 980px, (min-width: 981px) and (max-width: 1280px) 1280px, (min-width: 1281px) 1920px, 100vw\" class=\"wp-image-23\" \/><\/span><\/div><\/div><\/div><\/div>","protected":false},"excerpt":{"rendered":"","protected":false},"author":2,"featured_media":0,"parent":0,"menu_order":0,"comment_status":"closed","ping_status":"closed","template":"","meta":{"footnotes":""},"class_list":["post-847","page","type-page","status-publish","hentry"],"_links":{"self":[{"href":"https:\/\/www.satyamyogasystem.com\/pt-br\/wp-json\/wp\/v2\/pages\/847","targetHints":{"allow":["GET"]}}],"collection":[{"href":"https:\/\/www.satyamyogasystem.com\/pt-br\/wp-json\/wp\/v2\/pages"}],"about":[{"href":"https:\/\/www.satyamyogasystem.com\/pt-br\/wp-json\/wp\/v2\/types\/page"}],"author":[{"embeddable":true,"href":"https:\/\/www.satyamyogasystem.com\/pt-br\/wp-json\/wp\/v2\/users\/2"}],"replies":[{"embeddable":true,"href":"https:\/\/www.satyamyogasystem.com\/pt-br\/wp-json\/wp\/v2\/comments?post=847"}],"version-history":[{"count":6,"href":"https:\/\/www.satyamyogasystem.com\/pt-br\/wp-json\/wp\/v2\/pages\/847\/revisions"}],"predecessor-version":[{"id":6209,"href":"https:\/\/www.satyamyogasystem.com\/pt-br\/wp-json\/wp\/v2\/pages\/847\/revisions\/6209"}],"wp:attachment":[{"href":"https:\/\/www.satyamyogasystem.com\/pt-br\/wp-json\/wp\/v2\/media?parent=847"}],"curies":[{"name":"wp","href":"https:\/\/api.w.org\/{rel}","templated":true}]}}